{"id":87,"date":"2017-06-23T11:25:55","date_gmt":"2017-06-23T11:25:55","guid":{"rendered":"http:\/\/familiebilleder.samfundslitteratur.dk\/?page_id=87"},"modified":"2017-08-01T12:00:53","modified_gmt":"2017-08-01T12:00:53","slug":"del-4-kilder-til-tiden-ca-1900-til-nu","status":"publish","type":"page","link":"https:\/\/familiebilleder.samfundslitteratur.dk\/?page_id=87","title":{"rendered":"Del 4: Kilder til tiden ca. 1900 til nu"},"content":{"rendered":"<h1><strong>FAMILIEBILLEDER, fort\u00e6lling 13-19<\/strong><\/h1>\n<p><a href=\"http:\/\/familiebilleder.samfundslitteratur.dk\/wp-content\/uploads\/2017\/07\/Kilder-til-tiden-ca.-1900-til-nu.pdf\">Kilder til tiden ca. 1900 til nu<\/a><\/p>\n<h1><\/h1>\n<p><img data-recalc-dims=\"1\" loading=\"lazy\" decoding=\"async\" data-attachment-id=\"336\" data-permalink=\"https:\/\/familiebilleder.samfundslitteratur.dk\/?attachment_id=336\" data-orig-file=\"https:\/\/i0.wp.com\/familiebilleder.samfundslitteratur.dk\/wp-content\/uploads\/2017\/06\/1502-R%C3%B8deHundeAbort.jpg?fit=664%2C880&amp;ssl=1\" data-orig-size=\"664,880\" data-comments-opened=\"1\" data-image-meta=\"{&quot;aperture&quot;:&quot;0&quot;,&quot;credit&quot;:&quot;&quot;,&quot;camera&quot;:&quot;&quot;,&quot;caption&quot;:&quot;&quot;,&quot;created_timestamp&quot;:&quot;0&quot;,&quot;copyright&quot;:&quot;&quot;,&quot;focal_length&quot;:&quot;0&quot;,&quot;iso&quot;:&quot;0&quot;,&quot;shutter_speed&quot;:&quot;0&quot;,&quot;title&quot;:&quot;&quot;,&quot;orientation&quot;:&quot;0&quot;}\" data-image-title=\"1502 R\u00f8deHundeAbort\" data-image-description=\"\" data-image-caption=\"\" data-large-file=\"https:\/\/i0.wp.com\/familiebilleder.samfundslitteratur.dk\/wp-content\/uploads\/2017\/06\/1502-R%C3%B8deHundeAbort.jpg?fit=664%2C880&amp;ssl=1\" class=\"alignnone size-full wp-image-336\" src=\"https:\/\/i0.wp.com\/familiebilleder.samfundslitteratur.dk\/wp-content\/uploads\/2017\/06\/1502-R%C3%B8deHundeAbort.jpg?resize=664%2C880\" alt=\"\" width=\"664\" height=\"880\" srcset=\"https:\/\/i0.wp.com\/familiebilleder.samfundslitteratur.dk\/wp-content\/uploads\/2017\/06\/1502-R%C3%B8deHundeAbort.jpg?w=664&amp;ssl=1 664w, https:\/\/i0.wp.com\/familiebilleder.samfundslitteratur.dk\/wp-content\/uploads\/2017\/06\/1502-R%C3%B8deHundeAbort.jpg?resize=226%2C300&amp;ssl=1 226w\" sizes=\"auto, (max-width: 664px) 100vw, 664px\" \/><\/p>\n<p>Fokus i det f\u00f8lgende materiale ligger p\u00e5 at freml\u00e6gge en r\u00e6kke meget forskelligartede eksempler p\u00e5, hvordan det levede og oplevede liv \u2013 og den store og den lille historie \u2013 tager sig ud og h\u00e6nger sammen.<\/p>\n<p>Teksterne \u2013 inklusive de fiktive \u2013 \u00e5bner for, at l\u00e6serne ved selvsyn kan stille skarpt p\u00e5, hvordan andre mennesker undervejs gennem tilv\u00e6relsen og gennem historien har arrangeret sig og reageret p\u00e5 naturbetingelsene og p\u00e5 samfundsm\u00e6ssige og kulturelle forandringer.<\/p>\n<p>De historiske kilder med videre danner sammen med bogens fort\u00e6llinger, dens righoldige billedstof og dens introduktioner til historisk research og historieskrivning grundlag for at stille en lang r\u00e6kke mindre og st\u00f8rre opgaver til arbejdet med skrivning i historieundervisningen, se <a href=\"http:\/\/familiebilleder.samfundslitteratur.dk\/?page_id=15\"><em>SKRIVEOPGAVER<\/em><\/a><\/p>\n<p><strong><em>Det kan i relation til danske forhold v\u00e6re en god ide ogs\u00e5 at s\u00f8ge kildemateriale p\u00e5<\/em><\/strong><\/p>\n<p><a href=\"http:\/\/danmarkshistorien.dk\/forside\/\">http:\/\/danmarkshistorien.dk\/forside\/<\/a><strong><em><br \/>\n<\/em><\/strong><\/p>\n<p><strong><em>V\u00e6lg selv nogle s\u00f8geord \u2013 og brug s\u00f8gemuligheden \u00f8verst til h\u00f8jre i sk\u00e6rmbilledet.<\/em><\/strong><\/p>\n<p><em><strong>Det er ogs\u00e5 v\u00e6rd at henlede opm\u00e6rksomheden p\u00e5, at K\u00f8benhavns Stadsarkiv har opbygget en stor database med erindringer. Adressen er her!:<\/strong><\/em><\/p>\n<p><a href=\"http:\/\/www.kbharkiv.dk\/nyheder\/erindringer\/\">http:\/\/www.kbharkiv.dk\/nyheder\/erindringer\/<\/a><\/p>\n<p><strong><em>Disse \u201dK\u00f8benhavnernes fort\u00e6llinger\u201d d\u00e6kker n\u00e6sten hele 1900-tallet \u2013 og det er muligt at s\u00f8ge selv. De mange s\u00f8gemuligheder fremg\u00e5r af stikordsoversigten under selve s\u00f8gefeltet til venstre i sk\u00e6rmbilledet.<\/em><\/strong><\/p>\n<p><em><strong>Og hvad ang\u00e5r kvindeforhold i bredeste forstand tilbyder Dansk Kvindesamfunds hjemmeside en god mulighed for at f\u00e5 hj\u00e6lp til s\u00f8gning p\u00e5<\/strong><\/em><\/p>\n<p><a href=\"http:\/\/www.kvinfo.dk\/side\/1056\/\">http:\/\/www.kvinfo.dk\/side\/1056\/<\/a><strong><em><br \/>\n<\/em><\/strong><\/p>\n<p><strong><em>Kildestoffet her d\u00e6kker is\u00e6r tidsrummet fra midten af 1800-tallet til i dag.<\/em><\/strong><\/p>\n<p><em><strong>For ekstra engelsksprogede kilder se <\/strong><\/em><\/p>\n<p><a href=\"https:\/\/sourcebooks.fordham.edu\/mod\/modsbook.asp\">https:\/\/sourcebooks.fordham.edu\/mod\/modsbook.asp<\/a><\/p>\n<p><strong><em>Og den direkte vej til det Internet History Sourcebooks materialer om b\u00f8sser, lesbiske, biseksuelle og LGBT-personer er samlet p\u00e5:<\/em><\/strong><\/p>\n<p><a href=\"https:\/\/sourcebooks.fordham.edu\/Halsall\/pwh\/index.asp\">https:\/\/sourcebooks.fordham.edu\/Halsall\/pwh\/index.asp<\/a><\/p>\n<p><strong><em>Tysksprogede kildetekster og et righoldigt billedstof er tilg\u00e6ngeligt via hovedsiden:<\/em><\/strong><\/p>\n<p><a href=\"http:\/\/germanhistorydocs.ghi-dc.org\/index.cfm?language=german\">http:\/\/germanhistorydocs.ghi-dc.org\/index.cfm?language=german<\/a><\/p>\n<p><strong><em>Der er muligheder for b\u00e5de at s\u00f8ge periode- og temaspecifikt.<\/em><\/strong><\/p>\n<p><strong><em>Bem\u00e6rk, at kildesamlingen \u2013 i kraft af sin mere begr\u00e6nsede d\u00e6kning af samtidshistorie l\u00e6gger op til en mere selvst\u00e6ndig s\u00f8gning. Der er nok at g\u00e5 til. Den st\u00f8rste udfordring ligger rent faktisk i at udv\u00e6lge og begr\u00e6nse.<\/em><\/strong><\/p>\n<p>&nbsp;<\/p>\n","protected":false},"excerpt":{"rendered":"<p>FAMILIEBILLEDER, fort\u00e6lling 13-19 Kilder til tiden ca. 1900 til nu Fokus i det f\u00f8lgende materiale ligger p\u00e5 at freml\u00e6gge en r\u00e6kke meget forskelligartede eksempler p\u00e5, hvordan det levede og oplevede liv \u2013 og den store og den lille historie \u2013 tager sig ud og h\u00e6nger sammen. Teksterne \u2013 inklusive de fiktive \u2013 \u00e5bner for, at &hellip; <a href=\"https:\/\/familiebilleder.samfundslitteratur.dk\/?page_id=87\" class=\"more-link\">Continue reading <span class=\"screen-reader-text\">Del 4: Kilder til tiden ca. 1900 til nu<\/span><\/a><\/p>\n","protected":false},"author":1,"featured_media":0,"parent":0,"menu_order":0,"comment_status":"closed","ping_status":"closed","template":"","meta":{"jetpack_post_was_ever_published":false,"footnotes":""},"tags":[],"class_list":["post-87","page","type-page","status-publish","hentry","no-featured-image"],"jetpack_sharing_enabled":true,"jetpack_shortlink":"https:\/\/wp.me\/P91OzV-1p","jetpack-related-posts":[],"_links":{"self":[{"href":"https:\/\/familiebilleder.samfundslitteratur.dk\/index.php?rest_route=\/wp\/v2\/pages\/87","targetHints":{"allow":["GET"]}}],"collection":[{"href":"https:\/\/familiebilleder.samfundslitteratur.dk\/index.php?rest_route=\/wp\/v2\/pages"}],"about":[{"href":"https:\/\/familiebilleder.samfundslitteratur.dk\/index.php?rest_route=\/wp\/v2\/types\/page"}],"author":[{"embeddable":true,"href":"https:\/\/familiebilleder.samfundslitteratur.dk\/index.php?rest_route=\/wp\/v2\/users\/1"}],"replies":[{"embeddable":true,"href":"https:\/\/familiebilleder.samfundslitteratur.dk\/index.php?rest_route=%2Fwp%2Fv2%2Fcomments&post=87"}],"version-history":[{"count":5,"href":"https:\/\/familiebilleder.samfundslitteratur.dk\/index.php?rest_route=\/wp\/v2\/pages\/87\/revisions"}],"predecessor-version":[{"id":365,"href":"https:\/\/familiebilleder.samfundslitteratur.dk\/index.php?rest_route=\/wp\/v2\/pages\/87\/revisions\/365"}],"wp:attachment":[{"href":"https:\/\/familiebilleder.samfundslitteratur.dk\/index.php?rest_route=%2Fwp%2Fv2%2Fmedia&parent=87"}],"wp:term":[{"taxonomy":"post_tag","embeddable":true,"href":"https:\/\/familiebilleder.samfundslitteratur.dk\/index.php?rest_route=%2Fwp%2Fv2%2Ftags&post=87"}],"curies":[{"name":"wp","href":"https:\/\/api.w.org\/{rel}","templated":true}]}}