{"id":81,"date":"2017-06-23T11:24:17","date_gmt":"2017-06-23T11:24:17","guid":{"rendered":"http:\/\/familiebilleder.samfundslitteratur.dk\/?page_id=81"},"modified":"2017-08-01T12:00:07","modified_gmt":"2017-08-01T12:00:07","slug":"del-2-kilder-til-tiden-ca-500-1500","status":"publish","type":"page","link":"https:\/\/familiebilleder.samfundslitteratur.dk\/?page_id=81","title":{"rendered":"Del 2: Kilder til tiden ca. 500-1500"},"content":{"rendered":"<h1><strong>FAMILIEBILLEDER, fort\u00e6lling 4<\/strong><\/h1>\n<p><a href=\"http:\/\/familiebilleder.samfundslitteratur.dk\/wp-content\/uploads\/2017\/07\/Kilder-til-tiden-ca.-500-1500.pdf\">Kilder til tiden ca. 500-1500<\/a><\/p>\n<h1><\/h1>\n<p><img data-recalc-dims=\"1\" loading=\"lazy\" decoding=\"async\" data-attachment-id=\"332\" data-permalink=\"https:\/\/familiebilleder.samfundslitteratur.dk\/?attachment_id=332\" data-orig-file=\"https:\/\/i0.wp.com\/familiebilleder.samfundslitteratur.dk\/wp-content\/uploads\/2017\/06\/403-JernalderhusMoesgaardAarhusWikiCommons.jpg?fit=1711%2C992&amp;ssl=1\" data-orig-size=\"1711,992\" data-comments-opened=\"1\" data-image-meta=\"{&quot;aperture&quot;:&quot;0&quot;,&quot;credit&quot;:&quot;&quot;,&quot;camera&quot;:&quot;&quot;,&quot;caption&quot;:&quot;&quot;,&quot;created_timestamp&quot;:&quot;0&quot;,&quot;copyright&quot;:&quot;&quot;,&quot;focal_length&quot;:&quot;0&quot;,&quot;iso&quot;:&quot;0&quot;,&quot;shutter_speed&quot;:&quot;0&quot;,&quot;title&quot;:&quot;&quot;,&quot;orientation&quot;:&quot;0&quot;}\" data-image-title=\"403 JernalderhusMoesgaardAarhusWikiCommons\" data-image-description=\"\" data-image-caption=\"\" data-large-file=\"https:\/\/i0.wp.com\/familiebilleder.samfundslitteratur.dk\/wp-content\/uploads\/2017\/06\/403-JernalderhusMoesgaardAarhusWikiCommons.jpg?fit=712%2C413&amp;ssl=1\" class=\"alignnone wp-image-332 size-large\" src=\"https:\/\/i0.wp.com\/familiebilleder.samfundslitteratur.dk\/wp-content\/uploads\/2017\/06\/403-JernalderhusMoesgaardAarhusWikiCommons-1024x594.jpg?resize=712%2C413\" alt=\"\" width=\"712\" height=\"413\" srcset=\"https:\/\/i0.wp.com\/familiebilleder.samfundslitteratur.dk\/wp-content\/uploads\/2017\/06\/403-JernalderhusMoesgaardAarhusWikiCommons.jpg?resize=1024%2C594&amp;ssl=1 1024w, https:\/\/i0.wp.com\/familiebilleder.samfundslitteratur.dk\/wp-content\/uploads\/2017\/06\/403-JernalderhusMoesgaardAarhusWikiCommons.jpg?resize=300%2C174&amp;ssl=1 300w, https:\/\/i0.wp.com\/familiebilleder.samfundslitteratur.dk\/wp-content\/uploads\/2017\/06\/403-JernalderhusMoesgaardAarhusWikiCommons.jpg?resize=768%2C445&amp;ssl=1 768w, https:\/\/i0.wp.com\/familiebilleder.samfundslitteratur.dk\/wp-content\/uploads\/2017\/06\/403-JernalderhusMoesgaardAarhusWikiCommons.jpg?resize=1080%2C626&amp;ssl=1 1080w, https:\/\/i0.wp.com\/familiebilleder.samfundslitteratur.dk\/wp-content\/uploads\/2017\/06\/403-JernalderhusMoesgaardAarhusWikiCommons.jpg?w=1711&amp;ssl=1 1711w, https:\/\/i0.wp.com\/familiebilleder.samfundslitteratur.dk\/wp-content\/uploads\/2017\/06\/403-JernalderhusMoesgaardAarhusWikiCommons.jpg?w=1424&amp;ssl=1 1424w\" sizes=\"auto, (max-width: 712px) 100vw, 712px\" \/><\/p>\n<p>Fokus i det f\u00f8lgende materiale ligger p\u00e5 at freml\u00e6gge en r\u00e6kke meget forskelligartede eksempler p\u00e5, hvordan det levede og oplevede liv \u2013 og den store og den lille historie \u2013 tager sig ud og h\u00e6nger sammen.<\/p>\n<p>Teksterne \u2013 inklusive de fiktive \u2013 \u00e5bner for, at l\u00e6serne ved selvsyn kan stille skarpt p\u00e5, hvordan andre mennesker undervejs gennem tilv\u00e6relsen og gennem historien har arrangeret sig og reageret p\u00e5 naturbetingelsene og p\u00e5 samfundsm\u00e6ssige og kulturelle forandringer.<\/p>\n<p>De historiske kilder med videre danner sammen med bogens fort\u00e6llinger, dens righoldige billedstof og dens introduktioner til historisk research og historieskrivning grundlag for at stille en lang r\u00e6kke mindre og st\u00f8rre opgaver til arbejdet med skrivning i historieundervisningen, se <em><a href=\"http:\/\/familiebilleder.samfundslitteratur.dk\/?page_id=15\">SKRIVEOPGAVER<\/a>\u00a0<\/em><\/p>\n<p><em><strong>Det kan i relation til danske forhold v\u00e6re en god ide ogs\u00e5 at s\u00f8ge kildemateriale p\u00e5:<\/strong><\/em><\/p>\n<p><a href=\"http:\/\/danmarkshistorien.dk\/forside\/\">http:\/\/danmarkshistorien.dk\/forside\/<\/a><\/p>\n<p><strong><em>V\u00e6lg selv nogle s\u00f8geord \u2013 og brug s\u00f8gemuligheden \u00f8verst til h\u00f8jre i sk\u00e6rmbilledet.<\/em><\/strong><br \/>\n<strong><em> For engelsksprogede kilder (kronologisk, regionalt og tematisk ordnede) er der hj\u00e6lp at hente p\u00e5:<\/em><\/strong><\/p>\n<p><a href=\"https:\/\/sourcebooks.fordham.edu\/Halsall\/sbook.asp\">https:\/\/sourcebooks.fordham.edu\/Halsall\/sbook.asp<\/a><\/p>\n<p><em><strong>Tysksprogede kildetekster og et righoldigt billedstof er tilg\u00e6ngeligt via hovedsiden:<\/strong><\/em><\/p>\n<p><a href=\"http:\/\/germanhistorydocs.ghi-dc.org\/index.cfm?language=german\">http:\/\/germanhistorydocs.ghi-dc.org\/index.cfm?language=german<\/a><\/p>\n<p><strong><em>Der er muligheder for b\u00e5de at s\u00f8ge periode- og temaspecifikt.<\/em><\/strong><\/p>\n<p>&nbsp;<\/p>\n","protected":false},"excerpt":{"rendered":"<p>FAMILIEBILLEDER, fort\u00e6lling 4 Kilder til tiden ca. 500-1500 Fokus i det f\u00f8lgende materiale ligger p\u00e5 at freml\u00e6gge en r\u00e6kke meget forskelligartede eksempler p\u00e5, hvordan det levede og oplevede liv \u2013 og den store og den lille historie \u2013 tager sig ud og h\u00e6nger sammen. Teksterne \u2013 inklusive de fiktive \u2013 \u00e5bner for, at l\u00e6serne ved &hellip; <a href=\"https:\/\/familiebilleder.samfundslitteratur.dk\/?page_id=81\" class=\"more-link\">Continue reading <span class=\"screen-reader-text\">Del 2: Kilder til tiden ca. 500-1500<\/span><\/a><\/p>\n","protected":false},"author":1,"featured_media":0,"parent":0,"menu_order":0,"comment_status":"closed","ping_status":"closed","template":"","meta":{"jetpack_post_was_ever_published":false,"footnotes":""},"tags":[],"class_list":["post-81","page","type-page","status-publish","hentry","no-featured-image"],"jetpack_sharing_enabled":true,"jetpack_shortlink":"https:\/\/wp.me\/P91OzV-1j","jetpack-related-posts":[],"_links":{"self":[{"href":"https:\/\/familiebilleder.samfundslitteratur.dk\/index.php?rest_route=\/wp\/v2\/pages\/81","targetHints":{"allow":["GET"]}}],"collection":[{"href":"https:\/\/familiebilleder.samfundslitteratur.dk\/index.php?rest_route=\/wp\/v2\/pages"}],"about":[{"href":"https:\/\/familiebilleder.samfundslitteratur.dk\/index.php?rest_route=\/wp\/v2\/types\/page"}],"author":[{"embeddable":true,"href":"https:\/\/familiebilleder.samfundslitteratur.dk\/index.php?rest_route=\/wp\/v2\/users\/1"}],"replies":[{"embeddable":true,"href":"https:\/\/familiebilleder.samfundslitteratur.dk\/index.php?rest_route=%2Fwp%2Fv2%2Fcomments&post=81"}],"version-history":[{"count":5,"href":"https:\/\/familiebilleder.samfundslitteratur.dk\/index.php?rest_route=\/wp\/v2\/pages\/81\/revisions"}],"predecessor-version":[{"id":363,"href":"https:\/\/familiebilleder.samfundslitteratur.dk\/index.php?rest_route=\/wp\/v2\/pages\/81\/revisions\/363"}],"wp:attachment":[{"href":"https:\/\/familiebilleder.samfundslitteratur.dk\/index.php?rest_route=%2Fwp%2Fv2%2Fmedia&parent=81"}],"wp:term":[{"taxonomy":"post_tag","embeddable":true,"href":"https:\/\/familiebilleder.samfundslitteratur.dk\/index.php?rest_route=%2Fwp%2Fv2%2Ftags&post=81"}],"curies":[{"name":"wp","href":"https:\/\/api.w.org\/{rel}","templated":true}]}}