{"id":78,"date":"2017-06-23T11:19:37","date_gmt":"2017-06-23T11:19:37","guid":{"rendered":"http:\/\/familiebilleder.samfundslitteratur.dk\/?page_id=78"},"modified":"2017-08-01T11:18:49","modified_gmt":"2017-08-01T11:18:49","slug":"del-1-kilder-til-tiden-foer-ca-aar-500","status":"publish","type":"page","link":"https:\/\/familiebilleder.samfundslitteratur.dk\/?page_id=78","title":{"rendered":"Del 1: Kilder til tiden f\u00f8r ca. \u00e5r 500"},"content":{"rendered":"<h1>FAMILIEBILLEDER, fort\u00e6lling 2-3<\/h1>\n<p><a href=\"http:\/\/familiebilleder.samfundslitteratur.dk\/wp-content\/uploads\/2017\/06\/Kilder-til-tiden-f\u00f8r-ca.-\u00e5r-500-1.pdf\">Kilder til tiden f\u00f8r ca. \u00e5r 500<\/a><\/p>\n<p><img data-recalc-dims=\"1\" loading=\"lazy\" decoding=\"async\" data-attachment-id=\"329\" data-permalink=\"https:\/\/familiebilleder.samfundslitteratur.dk\/?attachment_id=329\" data-orig-file=\"https:\/\/i0.wp.com\/familiebilleder.samfundslitteratur.dk\/wp-content\/uploads\/2017\/06\/202-Prehistoric_Sites_and_Decorated_Caves_of_the_V%C3%A9z%C3%A8re_Valley-108425Commons.jpg?fit=2048%2C1536&amp;ssl=1\" data-orig-size=\"2048,1536\" data-comments-opened=\"1\" data-image-meta=\"{&quot;aperture&quot;:&quot;2.6&quot;,&quot;credit&quot;:&quot;Francesco Bandarin&quot;,&quot;camera&quot;:&quot;E8400&quot;,&quot;caption&quot;:&quot;Lascaux cave. Prehistoric Sites and Decorated Caves of the V\\u00e9z\\u00e8re Valley (France)&quot;,&quot;created_timestamp&quot;:&quot;1151668089&quot;,&quot;copyright&quot;:&quot;UNESCO&quot;,&quot;focal_length&quot;:&quot;6.1&quot;,&quot;iso&quot;:&quot;200&quot;,&quot;shutter_speed&quot;:&quot;1.23&quot;,&quot;title&quot;:&quot;Grotte de Lascaux. Sites pr\\u00e9historiques et grottes orn\\u00e9es de la vall\\u00e9e de la V\\u00e9z\\u00e8re (France)&quot;,&quot;orientation&quot;:&quot;1&quot;}\" data-image-title=\"Grotte de Lascaux. Sites pr\u00e9historiques et grottes orn\u00e9es de la vall\u00e9e de la V\u00e9z\u00e8re (France)\" data-image-description=\"\" data-image-caption=\"&lt;p&gt;Lascaux cave. Prehistoric Sites and Decorated Caves of the V\u00e9z\u00e8re Valley (France)&lt;\/p&gt;\n\" data-large-file=\"https:\/\/i0.wp.com\/familiebilleder.samfundslitteratur.dk\/wp-content\/uploads\/2017\/06\/202-Prehistoric_Sites_and_Decorated_Caves_of_the_V%C3%A9z%C3%A8re_Valley-108425Commons.jpg?fit=712%2C534&amp;ssl=1\" class=\"alignnone wp-image-329 size-large\" src=\"https:\/\/i0.wp.com\/familiebilleder.samfundslitteratur.dk\/wp-content\/uploads\/2017\/06\/202-Prehistoric_Sites_and_Decorated_Caves_of_the_V%C3%A9z%C3%A8re_Valley-108425Commons-1024x768.jpg?resize=712%2C534\" alt=\"\" width=\"712\" height=\"534\" srcset=\"https:\/\/i0.wp.com\/familiebilleder.samfundslitteratur.dk\/wp-content\/uploads\/2017\/06\/202-Prehistoric_Sites_and_Decorated_Caves_of_the_V%C3%A9z%C3%A8re_Valley-108425Commons.jpg?resize=1024%2C768&amp;ssl=1 1024w, https:\/\/i0.wp.com\/familiebilleder.samfundslitteratur.dk\/wp-content\/uploads\/2017\/06\/202-Prehistoric_Sites_and_Decorated_Caves_of_the_V%C3%A9z%C3%A8re_Valley-108425Commons.jpg?resize=300%2C225&amp;ssl=1 300w, https:\/\/i0.wp.com\/familiebilleder.samfundslitteratur.dk\/wp-content\/uploads\/2017\/06\/202-Prehistoric_Sites_and_Decorated_Caves_of_the_V%C3%A9z%C3%A8re_Valley-108425Commons.jpg?resize=768%2C576&amp;ssl=1 768w, https:\/\/i0.wp.com\/familiebilleder.samfundslitteratur.dk\/wp-content\/uploads\/2017\/06\/202-Prehistoric_Sites_and_Decorated_Caves_of_the_V%C3%A9z%C3%A8re_Valley-108425Commons.jpg?resize=1080%2C810&amp;ssl=1 1080w, https:\/\/i0.wp.com\/familiebilleder.samfundslitteratur.dk\/wp-content\/uploads\/2017\/06\/202-Prehistoric_Sites_and_Decorated_Caves_of_the_V%C3%A9z%C3%A8re_Valley-108425Commons.jpg?w=2048&amp;ssl=1 2048w, https:\/\/i0.wp.com\/familiebilleder.samfundslitteratur.dk\/wp-content\/uploads\/2017\/06\/202-Prehistoric_Sites_and_Decorated_Caves_of_the_V%C3%A9z%C3%A8re_Valley-108425Commons.jpg?w=1424&amp;ssl=1 1424w\" sizes=\"auto, (max-width: 712px) 100vw, 712px\" \/><\/p>\n<p>Fokus i det f\u00f8lgende materiale ligger p\u00e5 at freml\u00e6gge en r\u00e6kke meget forskelligartede eksempler p\u00e5, hvordan det levede og oplevede liv \u2013 og den store og den lille historie \u2013 tager sig ud og h\u00e6nger sammen.<\/p>\n<p>Teksterne \u2013 inklusive de fiktive \u2013 \u00e5bner for, at l\u00e6serne ved selvsyn kan stille skarpt p\u00e5, hvordan andre mennesker undervejs gennem tilv\u00e6relsen og gennem historien har arrangeret sig og reageret p\u00e5 naturbetingelserne og p\u00e5 samfundsm\u00e6ssige og kulturelle forandringer.<\/p>\n<p>De historiske kilder med videre danner sammen med bogens fort\u00e6llinger, dens righoldige billedstof og dens introduktioner til historisk research og historieskrivning grundlag for at stille en lang r\u00e6kke mindre og st\u00f8rre opgaver til arbejdet med skrivning i historieundervisningen, se <em><a href=\"http:\/\/familiebilleder.samfundslitteratur.dk\/?page_id=15\">SKRIVEOPGAVER<\/a><\/em><\/p>\n<p><strong><em>En god indgang til at supplere denne lille digitale kildesamling med engelsksprogede kildetekster er Internet Ancient History Sourcebook:<\/em><\/strong> <a href=\"https:\/\/sourcebooks.fordham.edu\/ancient\/asbook.asp\">https:\/\/sourcebooks.fordham.edu\/ancient\/asbook.asp<\/a><\/p>\n<p>&nbsp;<\/p>\n<p>&nbsp;<\/p>\n","protected":false},"excerpt":{"rendered":"<p>FAMILIEBILLEDER, fort\u00e6lling 2-3 Kilder til tiden f\u00f8r ca. \u00e5r 500 Fokus i det f\u00f8lgende materiale ligger p\u00e5 at freml\u00e6gge en r\u00e6kke meget forskelligartede eksempler p\u00e5, hvordan det levede og oplevede liv \u2013 og den store og den lille historie \u2013 tager sig ud og h\u00e6nger sammen. Teksterne \u2013 inklusive de fiktive \u2013 \u00e5bner for, at &hellip; <a href=\"https:\/\/familiebilleder.samfundslitteratur.dk\/?page_id=78\" class=\"more-link\">Continue reading <span class=\"screen-reader-text\">Del 1: Kilder til tiden f\u00f8r ca. \u00e5r 500<\/span><\/a><\/p>\n","protected":false},"author":1,"featured_media":0,"parent":0,"menu_order":0,"comment_status":"closed","ping_status":"closed","template":"","meta":{"jetpack_post_was_ever_published":false,"footnotes":""},"tags":[],"class_list":["post-78","page","type-page","status-publish","hentry","no-featured-image"],"jetpack_sharing_enabled":true,"jetpack_shortlink":"https:\/\/wp.me\/P91OzV-1g","jetpack-related-posts":[],"_links":{"self":[{"href":"https:\/\/familiebilleder.samfundslitteratur.dk\/index.php?rest_route=\/wp\/v2\/pages\/78","targetHints":{"allow":["GET"]}}],"collection":[{"href":"https:\/\/familiebilleder.samfundslitteratur.dk\/index.php?rest_route=\/wp\/v2\/pages"}],"about":[{"href":"https:\/\/familiebilleder.samfundslitteratur.dk\/index.php?rest_route=\/wp\/v2\/types\/page"}],"author":[{"embeddable":true,"href":"https:\/\/familiebilleder.samfundslitteratur.dk\/index.php?rest_route=\/wp\/v2\/users\/1"}],"replies":[{"embeddable":true,"href":"https:\/\/familiebilleder.samfundslitteratur.dk\/index.php?rest_route=%2Fwp%2Fv2%2Fcomments&post=78"}],"version-history":[{"count":5,"href":"https:\/\/familiebilleder.samfundslitteratur.dk\/index.php?rest_route=\/wp\/v2\/pages\/78\/revisions"}],"predecessor-version":[{"id":357,"href":"https:\/\/familiebilleder.samfundslitteratur.dk\/index.php?rest_route=\/wp\/v2\/pages\/78\/revisions\/357"}],"wp:attachment":[{"href":"https:\/\/familiebilleder.samfundslitteratur.dk\/index.php?rest_route=%2Fwp%2Fv2%2Fmedia&parent=78"}],"wp:term":[{"taxonomy":"post_tag","embeddable":true,"href":"https:\/\/familiebilleder.samfundslitteratur.dk\/index.php?rest_route=%2Fwp%2Fv2%2Ftags&post=78"}],"curies":[{"name":"wp","href":"https:\/\/api.w.org\/{rel}","templated":true}]}}