{"id":67,"date":"2017-06-23T09:39:10","date_gmt":"2017-06-23T09:39:10","guid":{"rendered":"http:\/\/familiebilleder.samfundslitteratur.dk\/?page_id=67"},"modified":"2017-08-01T09:24:03","modified_gmt":"2017-08-01T09:24:03","slug":"romantik-biedermeierkultur-og-romantisme","status":"publish","type":"page","link":"https:\/\/familiebilleder.samfundslitteratur.dk\/?page_id=67","title":{"rendered":"Romantik, biedermeierkultur og romantisme"},"content":{"rendered":"<ul>\n<li>Adam Oehlenschl\u00e4ger: <a href=\"http:\/\/familiebilleder.samfundslitteratur.dk\/wp-content\/uploads\/2017\/06\/Adam-Oehlenschl\u00e4ger-Den-elskende-Bondekn\u00f6s.pdf\" target=\"_blank\" rel=\"noopener\">\u201cDen elskende Bondekn\u00f6s\u201d<\/a>\u00a0(1803)<\/li>\n<li>Adam Oehlenschl\u00e4ger: <a href=\"http:\/\/familiebilleder.samfundslitteratur.dk\/wp-content\/uploads\/2017\/06\/Adam-Oehlenschl\u00e4ger-Raad-til-unge-\u00c6gtem\u00e6nd.pdf\" target=\"_blank\" rel=\"noopener\">\u201cRaad til unge \u00c6gtem\u00e6nd\u201d<\/a>\u00a0(1809-20?)<\/li>\n<li>F.S. Grundtvig: <a href=\"http:\/\/familiebilleder.samfundslitteratur.dk\/wp-content\/uploads\/2017\/06\/N.F.S.-Grundtvig-Det-er-s\u00e5-yndigt-at-f\u00f8lges-ad-for-to.pdf\" target=\"_blank\" rel=\"noopener\">\u201cDet er s\u00e5 yndigt at f\u00f8lges ad for to\u201d<\/a>\u00a0(1855)<\/li>\n<li>Steen Steensen Blicher: <a href=\"http:\/\/familiebilleder.samfundslitteratur.dk\/wp-content\/uploads\/2017\/06\/Steen-Steensen-Blicher-Den-barnl\u00f8se-kone.pdf\" target=\"_blank\" rel=\"noopener\">\u201cDen barnl\u00f8se kone\u201d<\/a>\u00a0(1824)<\/li>\n<li>H.C. Andersen: <a href=\"http:\/\/familiebilleder.samfundslitteratur.dk\/wp-content\/uploads\/2017\/06\/H.C.-Andersen-Hyrdinden-og-Skorstensfeieren.pdf\" target=\"_blank\" rel=\"noopener\">\u201cHyrdinden og Skorsteensfeieren\u201d<\/a>\u00a0(1845)<\/li>\n<li>H.C. Andersen: <a href=\"http:\/\/familiebilleder.samfundslitteratur.dk\/wp-content\/uploads\/2017\/06\/H.C.-Andersen-Historien-om-en-Moder.pdf\" target=\"_blank\" rel=\"noopener\">\u201cHistorien om en Moder\u201d<\/a>\u00a0(1847)<\/li>\n<\/ul>\n<p><img data-recalc-dims=\"1\" loading=\"lazy\" decoding=\"async\" data-attachment-id=\"325\" data-permalink=\"https:\/\/familiebilleder.samfundslitteratur.dk\/?attachment_id=325\" data-orig-file=\"https:\/\/i0.wp.com\/familiebilleder.samfundslitteratur.dk\/wp-content\/uploads\/2017\/06\/1006-Brudef%C3%A6rd_fra_det_nordlige_Sj%C3%A6lland_hvor_den_hjemkomne_soldat_finder_sin_forlovede_som_en_andens_brudWikiPD.jpg?fit=4865%2C3374&amp;ssl=1\" data-orig-size=\"4865,3374\" data-comments-opened=\"1\" data-image-meta=\"{&quot;aperture&quot;:&quot;0&quot;,&quot;credit&quot;:&quot;&quot;,&quot;camera&quot;:&quot;&quot;,&quot;caption&quot;:&quot;&quot;,&quot;created_timestamp&quot;:&quot;1336483065&quot;,&quot;copyright&quot;:&quot;&quot;,&quot;focal_length&quot;:&quot;128.28232140262&quot;,&quot;iso&quot;:&quot;0&quot;,&quot;shutter_speed&quot;:&quot;0.008&quot;,&quot;title&quot;:&quot;&quot;,&quot;orientation&quot;:&quot;0&quot;}\" data-image-title=\"1006 Brudef\u00e6rd_fra_det_nordlige_Sj\u00e6lland,_hvor_den_hjemkomne_soldat_finder_sin_forlovede_som_en_andens_brudWikiPD\" data-image-description=\"\" data-image-caption=\"\" data-large-file=\"https:\/\/i0.wp.com\/familiebilleder.samfundslitteratur.dk\/wp-content\/uploads\/2017\/06\/1006-Brudef%C3%A6rd_fra_det_nordlige_Sj%C3%A6lland_hvor_den_hjemkomne_soldat_finder_sin_forlovede_som_en_andens_brudWikiPD.jpg?fit=712%2C494&amp;ssl=1\" class=\"alignnone wp-image-325 size-large\" src=\"https:\/\/i0.wp.com\/familiebilleder.samfundslitteratur.dk\/wp-content\/uploads\/2017\/06\/1006-Brudef%C3%A6rd_fra_det_nordlige_Sj%C3%A6lland_hvor_den_hjemkomne_soldat_finder_sin_forlovede_som_en_andens_brudWikiPD-1024x710.jpg?resize=712%2C494\" alt=\"\" width=\"712\" height=\"494\" srcset=\"https:\/\/i0.wp.com\/familiebilleder.samfundslitteratur.dk\/wp-content\/uploads\/2017\/06\/1006-Brudef%C3%A6rd_fra_det_nordlige_Sj%C3%A6lland_hvor_den_hjemkomne_soldat_finder_sin_forlovede_som_en_andens_brudWikiPD.jpg?resize=1024%2C710&amp;ssl=1 1024w, https:\/\/i0.wp.com\/familiebilleder.samfundslitteratur.dk\/wp-content\/uploads\/2017\/06\/1006-Brudef%C3%A6rd_fra_det_nordlige_Sj%C3%A6lland_hvor_den_hjemkomne_soldat_finder_sin_forlovede_som_en_andens_brudWikiPD.jpg?resize=300%2C208&amp;ssl=1 300w, https:\/\/i0.wp.com\/familiebilleder.samfundslitteratur.dk\/wp-content\/uploads\/2017\/06\/1006-Brudef%C3%A6rd_fra_det_nordlige_Sj%C3%A6lland_hvor_den_hjemkomne_soldat_finder_sin_forlovede_som_en_andens_brudWikiPD.jpg?resize=768%2C533&amp;ssl=1 768w, https:\/\/i0.wp.com\/familiebilleder.samfundslitteratur.dk\/wp-content\/uploads\/2017\/06\/1006-Brudef%C3%A6rd_fra_det_nordlige_Sj%C3%A6lland_hvor_den_hjemkomne_soldat_finder_sin_forlovede_som_en_andens_brudWikiPD.jpg?resize=1080%2C749&amp;ssl=1 1080w, https:\/\/i0.wp.com\/familiebilleder.samfundslitteratur.dk\/wp-content\/uploads\/2017\/06\/1006-Brudef%C3%A6rd_fra_det_nordlige_Sj%C3%A6lland_hvor_den_hjemkomne_soldat_finder_sin_forlovede_som_en_andens_brudWikiPD.jpg?w=1424&amp;ssl=1 1424w, https:\/\/i0.wp.com\/familiebilleder.samfundslitteratur.dk\/wp-content\/uploads\/2017\/06\/1006-Brudef%C3%A6rd_fra_det_nordlige_Sj%C3%A6lland_hvor_den_hjemkomne_soldat_finder_sin_forlovede_som_en_andens_brudWikiPD.jpg?w=2136&amp;ssl=1 2136w\" sizes=\"auto, (max-width: 712px) 100vw, 712px\" \/><\/p>\n","protected":false},"excerpt":{"rendered":"<p>Adam Oehlenschl\u00e4ger: \u201cDen elskende Bondekn\u00f6s\u201d\u00a0(1803) Adam Oehlenschl\u00e4ger: \u201cRaad til unge \u00c6gtem\u00e6nd\u201d\u00a0(1809-20?) F.S. Grundtvig: \u201cDet er s\u00e5 yndigt at f\u00f8lges ad for to\u201d\u00a0(1855) Steen Steensen Blicher: \u201cDen barnl\u00f8se kone\u201d\u00a0(1824) H.C. Andersen: \u201cHyrdinden og Skorsteensfeieren\u201d\u00a0(1845) H.C. Andersen: \u201cHistorien om en Moder\u201d\u00a0(1847)<\/p>\n","protected":false},"author":1,"featured_media":0,"parent":0,"menu_order":0,"comment_status":"closed","ping_status":"closed","template":"","meta":{"jetpack_post_was_ever_published":false,"footnotes":""},"tags":[],"class_list":["post-67","page","type-page","status-publish","hentry","no-featured-image"],"jetpack_sharing_enabled":true,"jetpack_shortlink":"https:\/\/wp.me\/P91OzV-15","jetpack-related-posts":[],"_links":{"self":[{"href":"https:\/\/familiebilleder.samfundslitteratur.dk\/index.php?rest_route=\/wp\/v2\/pages\/67","targetHints":{"allow":["GET"]}}],"collection":[{"href":"https:\/\/familiebilleder.samfundslitteratur.dk\/index.php?rest_route=\/wp\/v2\/pages"}],"about":[{"href":"https:\/\/familiebilleder.samfundslitteratur.dk\/index.php?rest_route=\/wp\/v2\/types\/page"}],"author":[{"embeddable":true,"href":"https:\/\/familiebilleder.samfundslitteratur.dk\/index.php?rest_route=\/wp\/v2\/users\/1"}],"replies":[{"embeddable":true,"href":"https:\/\/familiebilleder.samfundslitteratur.dk\/index.php?rest_route=%2Fwp%2Fv2%2Fcomments&post=67"}],"version-history":[{"count":5,"href":"https:\/\/familiebilleder.samfundslitteratur.dk\/index.php?rest_route=\/wp\/v2\/pages\/67\/revisions"}],"predecessor-version":[{"id":326,"href":"https:\/\/familiebilleder.samfundslitteratur.dk\/index.php?rest_route=\/wp\/v2\/pages\/67\/revisions\/326"}],"wp:attachment":[{"href":"https:\/\/familiebilleder.samfundslitteratur.dk\/index.php?rest_route=%2Fwp%2Fv2%2Fmedia&parent=67"}],"wp:term":[{"taxonomy":"post_tag","embeddable":true,"href":"https:\/\/familiebilleder.samfundslitteratur.dk\/index.php?rest_route=%2Fwp%2Fv2%2Ftags&post=67"}],"curies":[{"name":"wp","href":"https:\/\/api.w.org\/{rel}","templated":true}]}}