{"id":299,"date":"2017-08-01T08:40:28","date_gmt":"2017-08-01T08:40:28","guid":{"rendered":"http:\/\/familiebilleder.samfundslitteratur.dk\/?page_id=299"},"modified":"2017-08-01T12:14:27","modified_gmt":"2017-08-01T12:14:27","slug":"kontakt","status":"publish","type":"page","link":"https:\/\/familiebilleder.samfundslitteratur.dk\/?page_id=299","title":{"rendered":"Kontakt"},"content":{"rendered":"<p><strong>Familiebilleder &#8211; Fort\u00e6llinger og andre tilgange<\/strong> er udgivet af forlaget Samfundslitteratur. \u00d8nsker du at bestille klasses\u00e6t af bogen kan forlaget kontaktes p\u00e5 info@samfundslitteratur.dk<\/p>\n<a href=\"http:\/\/www.academicbooks.dk\/familiebilleder\/geert-alex-nielsen\/9788759328538\" class=\"su-button su-button-style-default\" style=\"color:#FFFFFF;background-color:#2D89EF;border-color:#246ec0;border-radius:5px\" target=\"_self\"><span style=\"color:#FFFFFF;padding:0px 16px;font-size:13px;line-height:26px;border-color:#6cadf4;border-radius:5px;text-shadow:none\"> K\u00f8b bogen her<\/span><\/a>\n","protected":false},"excerpt":{"rendered":"<p>Familiebilleder &#8211; Fort\u00e6llinger og andre tilgange er udgivet af forlaget Samfundslitteratur. \u00d8nsker du at bestille klasses\u00e6t af bogen kan forlaget kontaktes p\u00e5 info@samfundslitteratur.dk<\/p>\n","protected":false},"author":3,"featured_media":0,"parent":0,"menu_order":0,"comment_status":"closed","ping_status":"closed","template":"templates\/full-width-page.php","meta":{"jetpack_post_was_ever_published":false,"footnotes":""},"tags":[],"class_list":["post-299","page","type-page","status-publish","hentry","no-featured-image"],"jetpack_sharing_enabled":true,"jetpack_shortlink":"https:\/\/wp.me\/P91OzV-4P","jetpack-related-posts":[],"_links":{"self":[{"href":"https:\/\/familiebilleder.samfundslitteratur.dk\/index.php?rest_route=\/wp\/v2\/pages\/299","targetHints":{"allow":["GET"]}}],"collection":[{"href":"https:\/\/familiebilleder.samfundslitteratur.dk\/index.php?rest_route=\/wp\/v2\/pages"}],"about":[{"href":"https:\/\/familiebilleder.samfundslitteratur.dk\/index.php?rest_route=\/wp\/v2\/types\/page"}],"author":[{"embeddable":true,"href":"https:\/\/familiebilleder.samfundslitteratur.dk\/index.php?rest_route=\/wp\/v2\/users\/3"}],"replies":[{"embeddable":true,"href":"https:\/\/familiebilleder.samfundslitteratur.dk\/index.php?rest_route=%2Fwp%2Fv2%2Fcomments&post=299"}],"version-history":[{"count":5,"href":"https:\/\/familiebilleder.samfundslitteratur.dk\/index.php?rest_route=\/wp\/v2\/pages\/299\/revisions"}],"predecessor-version":[{"id":370,"href":"https:\/\/familiebilleder.samfundslitteratur.dk\/index.php?rest_route=\/wp\/v2\/pages\/299\/revisions\/370"}],"wp:attachment":[{"href":"https:\/\/familiebilleder.samfundslitteratur.dk\/index.php?rest_route=%2Fwp%2Fv2%2Fmedia&parent=299"}],"wp:term":[{"taxonomy":"post_tag","embeddable":true,"href":"https:\/\/familiebilleder.samfundslitteratur.dk\/index.php?rest_route=%2Fwp%2Fv2%2Ftags&post=299"}],"curies":[{"name":"wp","href":"https:\/\/api.w.org\/{rel}","templated":true}]}}