{"id":265,"date":"2017-07-31T12:54:42","date_gmt":"2017-07-31T12:54:42","guid":{"rendered":"http:\/\/familiebilleder.samfundslitteratur.dk\/?page_id=265"},"modified":"2017-10-12T07:59:48","modified_gmt":"2017-10-12T07:59:48","slug":"om-familiebilleder","status":"publish","type":"page","link":"https:\/\/familiebilleder.samfundslitteratur.dk\/?page_id=265","title":{"rendered":"K\u00f8b bogen"},"content":{"rendered":"<p>K\u00f8b et eksemplar af bogen hos <a href=\"http:\/\/www.academicbooks.dk\/familiebilleder\/geert-alex-nielsen\/9788759328538\">Academic Books<\/a><\/p>\n<p><a href=\"https:\/\/gymportalen.lix.com\/da\/signup\">Du kan ogs\u00e5 k\u00f8be digital adgang til bogen p\u00e5 Gymportalen<\/a><\/p>\n<p>OBS! For k\u00f8b af klasses\u00e6t: kontakt forlaget Samfundslitteratur p\u00e5<span class=\"Apple-converted-space\">\u00a0info<\/span>@samfundslitteratur.dk<\/p>\n<p>Familiebilleder er en flerfaglig bog om de n\u00e6re relationer &#8211; n\u00e6rmere bestemt om de m\u00e5der, mennesker fra urtid til nutid har levet sammen p\u00e5. Bogen tr\u00e6kker tr\u00e5de langt tilbage, men koncentrerer sig is\u00e6r om at unders\u00f8ge, hvad de omfattende kultur- og samfundsforandringer, der er indtruffet siden 16-1700-tallet, har betydet for familiens liv.<\/p>\n<p>Bogen best\u00e5r af fort\u00e6llinger, der bev\u00e6ger sig ad to tematiske spor, som\u00a0 gang p\u00e5 gang krydser hinanden. Det f\u00f8rste f\u00f8lger familien og familieforestillingernes forandring gennem menneskets natur- og kulturhistorie. Det andet fletter de skiftende opfattelser af seksualitet, krop og k\u00e6rlighed ind.<\/p>\n<p>Sigtet med bogen er at belyse, hvordan betingelserne for menneskers samliv og n\u00e6re f\u00e6llesskaber \u00e6ndrer sig, n\u00e5r de kulturelle, religi\u00f8se, moralske, \u00f8konomiske, sociale og politiske forhold i samfundet skifter. St\u00f8rre indsigt i disse forhold og forandringer, skulle gerne stimulere eftert\u00e6nksomheden og evnen til at stille sp\u00f8rgsm\u00e5l til fortiden.<\/p>\n<p>FAMILIEBILLEDER er den store historie anrettet i overskuelige bidder til undervisning i historie, kultur- og samfundsfag og kulturforst\u00e5else og ikke mindst lystl\u00e6sning.<\/p>\n<p>&nbsp;<\/p>\n<p>&nbsp;<\/p>\n","protected":false},"excerpt":{"rendered":"<p>K\u00f8b et eksemplar af bogen hos Academic Books Du kan ogs\u00e5 k\u00f8be digital adgang til bogen p\u00e5 Gymportalen OBS! For k\u00f8b af klasses\u00e6t: kontakt forlaget Samfundslitteratur p\u00e5\u00a0info@samfundslitteratur.dk Familiebilleder er en flerfaglig bog om de n\u00e6re relationer &#8211; n\u00e6rmere bestemt om de m\u00e5der, mennesker fra urtid til nutid har levet sammen p\u00e5. Bogen tr\u00e6kker tr\u00e5de langt &hellip; <a href=\"https:\/\/familiebilleder.samfundslitteratur.dk\/?page_id=265\" class=\"more-link\">Continue reading <span class=\"screen-reader-text\">K\u00f8b bogen<\/span><\/a><\/p>\n","protected":false},"author":3,"featured_media":279,"parent":0,"menu_order":0,"comment_status":"closed","ping_status":"closed","template":"templates\/full-width-page.php","meta":{"jetpack_post_was_ever_published":false,"footnotes":""},"tags":[4],"class_list":["post-265","page","type-page","status-publish","has-post-thumbnail","hentry","tag-featured"],"jetpack_sharing_enabled":false,"jetpack_shortlink":"https:\/\/wp.me\/P91OzV-4h","jetpack-related-posts":[],"_links":{"self":[{"href":"https:\/\/familiebilleder.samfundslitteratur.dk\/index.php?rest_route=\/wp\/v2\/pages\/265","targetHints":{"allow":["GET"]}}],"collection":[{"href":"https:\/\/familiebilleder.samfundslitteratur.dk\/index.php?rest_route=\/wp\/v2\/pages"}],"about":[{"href":"https:\/\/familiebilleder.samfundslitteratur.dk\/index.php?rest_route=\/wp\/v2\/types\/page"}],"author":[{"embeddable":true,"href":"https:\/\/familiebilleder.samfundslitteratur.dk\/index.php?rest_route=\/wp\/v2\/users\/3"}],"replies":[{"embeddable":true,"href":"https:\/\/familiebilleder.samfundslitteratur.dk\/index.php?rest_route=%2Fwp%2Fv2%2Fcomments&post=265"}],"version-history":[{"count":5,"href":"https:\/\/familiebilleder.samfundslitteratur.dk\/index.php?rest_route=\/wp\/v2\/pages\/265\/revisions"}],"predecessor-version":[{"id":429,"href":"https:\/\/familiebilleder.samfundslitteratur.dk\/index.php?rest_route=\/wp\/v2\/pages\/265\/revisions\/429"}],"wp:featuredmedia":[{"embeddable":true,"href":"https:\/\/familiebilleder.samfundslitteratur.dk\/index.php?rest_route=\/wp\/v2\/media\/279"}],"wp:attachment":[{"href":"https:\/\/familiebilleder.samfundslitteratur.dk\/index.php?rest_route=%2Fwp%2Fv2%2Fmedia&parent=265"}],"wp:term":[{"taxonomy":"post_tag","embeddable":true,"href":"https:\/\/familiebilleder.samfundslitteratur.dk\/index.php?rest_route=%2Fwp%2Fv2%2Ftags&post=265"}],"curies":[{"name":"wp","href":"https:\/\/api.w.org\/{rel}","templated":true}]}}