{"id":26,"date":"2017-06-20T12:57:58","date_gmt":"2017-06-20T12:57:58","guid":{"rendered":"http:\/\/familiebilleder.samfundslitteratur.dk\/?page_id=26"},"modified":"2017-08-01T08:34:59","modified_gmt":"2017-08-01T08:34:59","slug":"kig-indenfor","status":"publish","type":"page","link":"https:\/\/familiebilleder.samfundslitteratur.dk\/","title":{"rendered":"KIG INDENFOR"},"content":{"rendered":"<h4 style=\"text-align: center;\">Du befinder dig nu p\u00e5 websitet, der h\u00f8rer sammen med bogen<\/h4>\n<h1 style=\"text-align: center;\"><strong>FAMILIEBILLEDER<\/strong><\/h1>\n<h2 style=\"text-align: center;\">\u2013 FORT\u00c6LLINGER OG ANDRE TILGANGE<\/h2>\n<h4 style=\"text-align: center;\"><strong>Du f\u00e5r her p\u00e5 hjemmesiden adgang til:\u00a0<\/strong><\/h4>\n<ul style=\"text-align: center;\">\n<li style=\"text-align: left;\">en st\u00f8rre historisk <a href=\"http:\/\/familiebilleder.samfundslitteratur.dk\/?page_id=13\">kildesamling<\/a><\/li>\n<li style=\"text-align: left;\">et sk\u00f8nlitter\u00e6rt, <a href=\"http:\/\/familiebilleder.samfundslitteratur.dk\/?page_id=2\">historisk-tematisk forl\u00f8b<\/a> (til samspil mellem dansk og historie \u2013 f.eks. i forbindelse med DHO)<\/li>\n<li style=\"text-align: left;\">en <a href=\"http:\/\/familiebilleder.samfundslitteratur.dk\/?page_id=15\">opgavesamling<\/a> til inspiration for det skriftlige arbejde i historie<\/li>\n<\/ul>\n<p style=\"text-align: left;\">Hertil kommer en <a href=\"http:\/\/familiebilleder.samfundslitteratur.dk\/?page_id=193\">blog<\/a> og et <a href=\"http:\/\/familiebilleder.samfundslitteratur.dk\/?page_id=17\">materiale med relation til bogen<\/a> og dens anvendelsesmuligheder.<\/p>\n<p style=\"text-align: left;\">Bog og hjemmeside unders\u00f8ger ad flere veje, hvordan mennesker har levet sammen under forskellige vilk\u00e5r gennem tiden og frem til i dag.<\/p>\n<p style=\"text-align: left;\">Der er fokus p\u00e5 de n\u00e6re relationer.<\/p>\n<p style=\"text-align: left;\">Opm\u00e6rksomheden samler sig om at unders\u00f8ge forskelligartede eksempler p\u00e5, hvordan det levede og oplevede liv \u2013 og den store og den lille historie \u2013 h\u00e6nger sammen.<\/p>\n<p style=\"text-align: left;\"><strong>Geert Alex Nielsen<\/strong><\/p>\n","protected":false},"excerpt":{"rendered":"<p>Du befinder dig nu p\u00e5 websitet, der h\u00f8rer sammen med bogen FAMILIEBILLEDER \u2013 FORT\u00c6LLINGER OG ANDRE TILGANGE Du f\u00e5r her p\u00e5 hjemmesiden adgang til:\u00a0 en st\u00f8rre historisk kildesamling et sk\u00f8nlitter\u00e6rt, historisk-tematisk forl\u00f8b (til samspil mellem dansk og historie \u2013 f.eks. i forbindelse med DHO) en opgavesamling til inspiration for det skriftlige arbejde i historie Hertil &hellip; <a href=\"https:\/\/familiebilleder.samfundslitteratur.dk\/\" class=\"more-link\">Continue reading <span class=\"screen-reader-text\">KIG INDENFOR<\/span><\/a><\/p>\n","protected":false},"author":1,"featured_media":0,"parent":0,"menu_order":0,"comment_status":"closed","ping_status":"closed","template":"templates\/full-width-page.php","meta":{"jetpack_post_was_ever_published":false,"footnotes":""},"tags":[],"class_list":["post-26","page","type-page","status-publish","hentry","no-featured-image"],"jetpack_sharing_enabled":false,"jetpack_shortlink":"https:\/\/wp.me\/P91OzV-q","jetpack-related-posts":[],"_links":{"self":[{"href":"https:\/\/familiebilleder.samfundslitteratur.dk\/index.php?rest_route=\/wp\/v2\/pages\/26","targetHints":{"allow":["GET"]}}],"collection":[{"href":"https:\/\/familiebilleder.samfundslitteratur.dk\/index.php?rest_route=\/wp\/v2\/pages"}],"about":[{"href":"https:\/\/familiebilleder.samfundslitteratur.dk\/index.php?rest_route=\/wp\/v2\/types\/page"}],"author":[{"embeddable":true,"href":"https:\/\/familiebilleder.samfundslitteratur.dk\/index.php?rest_route=\/wp\/v2\/users\/1"}],"replies":[{"embeddable":true,"href":"https:\/\/familiebilleder.samfundslitteratur.dk\/index.php?rest_route=%2Fwp%2Fv2%2Fcomments&post=26"}],"version-history":[{"count":5,"href":"https:\/\/familiebilleder.samfundslitteratur.dk\/index.php?rest_route=\/wp\/v2\/pages\/26\/revisions"}],"predecessor-version":[{"id":298,"href":"https:\/\/familiebilleder.samfundslitteratur.dk\/index.php?rest_route=\/wp\/v2\/pages\/26\/revisions\/298"}],"wp:attachment":[{"href":"https:\/\/familiebilleder.samfundslitteratur.dk\/index.php?rest_route=%2Fwp%2Fv2%2Fmedia&parent=26"}],"wp:term":[{"taxonomy":"post_tag","embeddable":true,"href":"https:\/\/familiebilleder.samfundslitteratur.dk\/index.php?rest_route=%2Fwp%2Fv2%2Ftags&post=26"}],"curies":[{"name":"wp","href":"https:\/\/api.w.org\/{rel}","templated":true}]}}