{"id":2,"date":"2016-05-10T03:48:21","date_gmt":"2016-05-10T03:48:21","guid":{"rendered":"http:\/\/familiebilleder.samfundslitteratur.dk\/?page_id=2"},"modified":"2017-08-01T09:04:35","modified_gmt":"2017-08-01T09:04:35","slug":"sample-page","status":"publish","type":"page","link":"https:\/\/familiebilleder.samfundslitteratur.dk\/?page_id=2","title":{"rendered":"DANSKFORL\u00d8B"},"content":{"rendered":"<h1><strong>20 tekster om familierelationer, \u00e6gteskab og k\u00e6rlighed \u2013 fra vikingetid til ca. 1920 <\/strong><\/h1>\n<p><img data-recalc-dims=\"1\" loading=\"lazy\" decoding=\"async\" data-attachment-id=\"120\" data-permalink=\"https:\/\/familiebilleder.samfundslitteratur.dk\/?attachment_id=120\" data-orig-file=\"https:\/\/i0.wp.com\/familiebilleder.samfundslitteratur.dk\/wp-content\/uploads\/2017\/06\/1102-Peder_Severin_Kr%C3%B8yer_-_The_Hirschsprung_family_portrait..jpg?fit=2422%2C1971&amp;ssl=1\" data-orig-size=\"2422,1971\" data-comments-opened=\"1\" data-image-meta=\"{&quot;aperture&quot;:&quot;0&quot;,&quot;credit&quot;:&quot;&quot;,&quot;camera&quot;:&quot;&quot;,&quot;caption&quot;:&quot;&quot;,&quot;created_timestamp&quot;:&quot;0&quot;,&quot;copyright&quot;:&quot;&quot;,&quot;focal_length&quot;:&quot;0&quot;,&quot;iso&quot;:&quot;0&quot;,&quot;shutter_speed&quot;:&quot;0&quot;,&quot;title&quot;:&quot;&quot;,&quot;orientation&quot;:&quot;0&quot;}\" data-image-title=\"1102 Peder_Severin_Kr\u00f8yer_-_The_Hirschsprung_family_portrait.\" data-image-description=\"\" data-image-caption=\"\" data-large-file=\"https:\/\/i0.wp.com\/familiebilleder.samfundslitteratur.dk\/wp-content\/uploads\/2017\/06\/1102-Peder_Severin_Kr%C3%B8yer_-_The_Hirschsprung_family_portrait..jpg?fit=712%2C579&amp;ssl=1\" class=\"aligncenter wp-image-120 size-full\" src=\"https:\/\/i0.wp.com\/familiebilleder.samfundslitteratur.dk\/wp-content\/uploads\/2017\/06\/1102-Peder_Severin_Kr%C3%B8yer_-_The_Hirschsprung_family_portrait..jpg?resize=712%2C579\" alt=\"\" width=\"712\" height=\"579\" srcset=\"https:\/\/i0.wp.com\/familiebilleder.samfundslitteratur.dk\/wp-content\/uploads\/2017\/06\/1102-Peder_Severin_Kr%C3%B8yer_-_The_Hirschsprung_family_portrait..jpg?w=2422&amp;ssl=1 2422w, https:\/\/i0.wp.com\/familiebilleder.samfundslitteratur.dk\/wp-content\/uploads\/2017\/06\/1102-Peder_Severin_Kr%C3%B8yer_-_The_Hirschsprung_family_portrait..jpg?resize=300%2C244&amp;ssl=1 300w, https:\/\/i0.wp.com\/familiebilleder.samfundslitteratur.dk\/wp-content\/uploads\/2017\/06\/1102-Peder_Severin_Kr%C3%B8yer_-_The_Hirschsprung_family_portrait..jpg?resize=768%2C625&amp;ssl=1 768w, https:\/\/i0.wp.com\/familiebilleder.samfundslitteratur.dk\/wp-content\/uploads\/2017\/06\/1102-Peder_Severin_Kr%C3%B8yer_-_The_Hirschsprung_family_portrait..jpg?resize=1024%2C833&amp;ssl=1 1024w, https:\/\/i0.wp.com\/familiebilleder.samfundslitteratur.dk\/wp-content\/uploads\/2017\/06\/1102-Peder_Severin_Kr%C3%B8yer_-_The_Hirschsprung_family_portrait..jpg?resize=624%2C508&amp;ssl=1 624w, https:\/\/i0.wp.com\/familiebilleder.samfundslitteratur.dk\/wp-content\/uploads\/2017\/06\/1102-Peder_Severin_Kr%C3%B8yer_-_The_Hirschsprung_family_portrait..jpg?w=1424&amp;ssl=1 1424w, https:\/\/i0.wp.com\/familiebilleder.samfundslitteratur.dk\/wp-content\/uploads\/2017\/06\/1102-Peder_Severin_Kr%C3%B8yer_-_The_Hirschsprung_family_portrait..jpg?w=2136&amp;ssl=1 2136w\" sizes=\"auto, (max-width: 712px) 100vw, 712px\" \/><\/p>\n<p>Denne digitale mini-antologi med sk\u00f8nlitter\u00e6re tekster af \u00e6ldre dato inviterer til fagligt samspil mellem dansk og historie.<\/p>\n<p>Tekstmaterialet har fleksible anvendelsesmuligheder, men det er specielt tilrettelagt med henblik p\u00e5 at kunne indg\u00e5 i danskundervisningen i forbindelse med historisk-tematisk l\u00e6sning i kronologiske oversigtsforl\u00f8b og som afs\u00e6t for dansk-historieopgaven (DHO).<\/p>\n<p>I disse sammenh\u00e6nge byder bogen <strong>FAMILIEBILLEDER<\/strong>, dens fort\u00e6llinger og det tilh\u00f8rende historiske kildemateriale p\u00e5 vide muligheder for at g\u00e5 b\u00e5de videre med og dybere ned i emnefelterne sl\u00e6gt, familie, identitet, krop og k\u00f8n.<\/p>\n<p>Teksterne er udvalgt med den tredobbelte begrundelse, at de hver is\u00e6r har egenv\u00e6rdi, er periodem\u00e6ssigt repr\u00e6sentative og for hovedpartens vedkommende pr\u00e6senterer kanonforfattere. For at d\u00e6kke endnu bredere inddrager mini-antologien yderligere eksempler fra sagalitteraturen, folkevisen, ren\u00e6ssances religi\u00f8se og verdslige digtning samt Thomas Kingo.<\/p>\n<p>&nbsp;<\/p>\n<h2><\/h2>\n","protected":false},"excerpt":{"rendered":"<p>20 tekster om familierelationer, \u00e6gteskab og k\u00e6rlighed \u2013 fra vikingetid til ca. 1920 Denne digitale mini-antologi med sk\u00f8nlitter\u00e6re tekster af \u00e6ldre dato inviterer til fagligt samspil mellem dansk og historie. Tekstmaterialet har fleksible anvendelsesmuligheder, men det er specielt tilrettelagt med henblik p\u00e5 at kunne indg\u00e5 i danskundervisningen i forbindelse med historisk-tematisk l\u00e6sning i kronologiske oversigtsforl\u00f8b &hellip; <a href=\"https:\/\/familiebilleder.samfundslitteratur.dk\/?page_id=2\" class=\"more-link\">Continue reading <span class=\"screen-reader-text\">DANSKFORL\u00d8B<\/span><\/a><\/p>\n","protected":false},"author":1,"featured_media":0,"parent":0,"menu_order":0,"comment_status":"closed","ping_status":"open","template":"","meta":{"jetpack_post_was_ever_published":false,"footnotes":""},"tags":[],"class_list":["post-2","page","type-page","status-publish","hentry","no-featured-image"],"jetpack_sharing_enabled":true,"jetpack_shortlink":"https:\/\/wp.me\/P91OzV-2","jetpack-related-posts":[],"_links":{"self":[{"href":"https:\/\/familiebilleder.samfundslitteratur.dk\/index.php?rest_route=\/wp\/v2\/pages\/2","targetHints":{"allow":["GET"]}}],"collection":[{"href":"https:\/\/familiebilleder.samfundslitteratur.dk\/index.php?rest_route=\/wp\/v2\/pages"}],"about":[{"href":"https:\/\/familiebilleder.samfundslitteratur.dk\/index.php?rest_route=\/wp\/v2\/types\/page"}],"author":[{"embeddable":true,"href":"https:\/\/familiebilleder.samfundslitteratur.dk\/index.php?rest_route=\/wp\/v2\/users\/1"}],"replies":[{"embeddable":true,"href":"https:\/\/familiebilleder.samfundslitteratur.dk\/index.php?rest_route=%2Fwp%2Fv2%2Fcomments&post=2"}],"version-history":[{"count":5,"href":"https:\/\/familiebilleder.samfundslitteratur.dk\/index.php?rest_route=\/wp\/v2\/pages\/2\/revisions"}],"predecessor-version":[{"id":316,"href":"https:\/\/familiebilleder.samfundslitteratur.dk\/index.php?rest_route=\/wp\/v2\/pages\/2\/revisions\/316"}],"wp:attachment":[{"href":"https:\/\/familiebilleder.samfundslitteratur.dk\/index.php?rest_route=%2Fwp%2Fv2%2Fmedia&parent=2"}],"wp:term":[{"taxonomy":"post_tag","embeddable":true,"href":"https:\/\/familiebilleder.samfundslitteratur.dk\/index.php?rest_route=%2Fwp%2Fv2%2Ftags&post=2"}],"curies":[{"name":"wp","href":"https:\/\/api.w.org\/{rel}","templated":true}]}}