{"id":17,"date":"2017-06-20T12:49:16","date_gmt":"2017-06-20T12:49:16","guid":{"rendered":"http:\/\/familiebilleder.samfundslitteratur.dk\/?page_id=17"},"modified":"2017-07-06T13:35:49","modified_gmt":"2017-07-06T13:35:49","slug":"bog-blandet","status":"publish","type":"page","link":"https:\/\/familiebilleder.samfundslitteratur.dk\/?page_id=17","title":{"rendered":"BOG&#038;BLANDET"},"content":{"rendered":"<p>&nbsp;<\/p>\n<p>Du befinder dig nu p\u00e5 det omr\u00e5de af hjemmesiden, hvor der er n\u00e6rmere informationer om bog, forfatter og om de overvejelser, der ligger bag hele projektet <strong>FAMILIEBILLEDER <\/strong>\u2013 FORT\u00c6LLINGER OG ANDRE TILGANGE, bog, blog og hjemmeside:<img data-recalc-dims=\"1\" loading=\"lazy\" decoding=\"async\" data-attachment-id=\"153\" data-permalink=\"https:\/\/familiebilleder.samfundslitteratur.dk\/?attachment_id=153\" data-orig-file=\"https:\/\/i0.wp.com\/familiebilleder.samfundslitteratur.dk\/wp-content\/uploads\/2017\/06\/32853-%C2%B7-Familiebilleder-forside-m%EF%80%A2versaler.jpg?fit=6000%2C7200&amp;ssl=1\" data-orig-size=\"6000,7200\" data-comments-opened=\"1\" data-image-meta=\"{&quot;aperture&quot;:&quot;0&quot;,&quot;credit&quot;:&quot;&quot;,&quot;camera&quot;:&quot;&quot;,&quot;caption&quot;:&quot;&quot;,&quot;created_timestamp&quot;:&quot;0&quot;,&quot;copyright&quot;:&quot;&quot;,&quot;focal_length&quot;:&quot;0&quot;,&quot;iso&quot;:&quot;0&quot;,&quot;shutter_speed&quot;:&quot;0&quot;,&quot;title&quot;:&quot;&quot;,&quot;orientation&quot;:&quot;0&quot;}\" data-image-title=\"32853 \u00b7 Familiebilleder forside m\uf022versaler\" data-image-description=\"\" data-image-caption=\"\" data-large-file=\"https:\/\/i0.wp.com\/familiebilleder.samfundslitteratur.dk\/wp-content\/uploads\/2017\/06\/32853-%C2%B7-Familiebilleder-forside-m%EF%80%A2versaler.jpg?fit=712%2C855&amp;ssl=1\" class=\"alignright wp-image-153 size-medium\" src=\"https:\/\/i0.wp.com\/familiebilleder.samfundslitteratur.dk\/wp-content\/uploads\/2017\/06\/32853-%C2%B7-Familiebilleder-forside-m%EF%80%A2versaler-250x300.jpg?resize=250%2C300\" alt=\"\" width=\"250\" height=\"300\" srcset=\"https:\/\/i0.wp.com\/familiebilleder.samfundslitteratur.dk\/wp-content\/uploads\/2017\/06\/32853-%C2%B7-Familiebilleder-forside-m%EF%80%A2versaler.jpg?resize=250%2C300&amp;ssl=1 250w, https:\/\/i0.wp.com\/familiebilleder.samfundslitteratur.dk\/wp-content\/uploads\/2017\/06\/32853-%C2%B7-Familiebilleder-forside-m%EF%80%A2versaler.jpg?resize=768%2C922&amp;ssl=1 768w, https:\/\/i0.wp.com\/familiebilleder.samfundslitteratur.dk\/wp-content\/uploads\/2017\/06\/32853-%C2%B7-Familiebilleder-forside-m%EF%80%A2versaler.jpg?resize=853%2C1024&amp;ssl=1 853w, https:\/\/i0.wp.com\/familiebilleder.samfundslitteratur.dk\/wp-content\/uploads\/2017\/06\/32853-%C2%B7-Familiebilleder-forside-m%EF%80%A2versaler.jpg?resize=624%2C749&amp;ssl=1 624w, https:\/\/i0.wp.com\/familiebilleder.samfundslitteratur.dk\/wp-content\/uploads\/2017\/06\/32853-%C2%B7-Familiebilleder-forside-m%EF%80%A2versaler.jpg?w=1424&amp;ssl=1 1424w, https:\/\/i0.wp.com\/familiebilleder.samfundslitteratur.dk\/wp-content\/uploads\/2017\/06\/32853-%C2%B7-Familiebilleder-forside-m%EF%80%A2versaler.jpg?w=2136&amp;ssl=1 2136w\" sizes=\"auto, (max-width: 250px) 100vw, 250px\" \/><\/p>\n<p>I bogens f\u00f8rste del f\u00e5r du udover familiens og de n\u00e6re relationers historie fra urtid til nutid ogs\u00e5 et righoldigt billedmateriale. Det fungerer p\u00e5 flere planer \u2013 konkretiserer, nuancerer, underst\u00f8tter \u2013 og spiller i en del tilf\u00e6lde ogs\u00e5 selvst\u00e6ndigt op mod fort\u00e6llingerne.<\/p>\n<p>Hertil kommer det materiale til \u201candre tilgange\u201d, som udg\u00f8r bogens anden del.<\/p>\n<p>Disse afsnit rummer kontante og praktisk anvendelige indf\u00f8ringer i forskellige humanistiske og samfundsvidenskabelige metoder. Disse introduktioner bliver l\u00f8bende underst\u00f8ttet af sm\u00e5 tekst- og billedmontager.<\/p>\n<p>De enkelte afsnit pr\u00e6senterer konkrete fremgangsm\u00e5der, modeller og udfolder begreber til religion- og samfundsvidenskabeligt funderede analyser af:<\/p>\n<ul>\n<li>ritualer og myter om skabelse, t\u00e6t f\u00e6llesskab og udvikling<\/li>\n<li>familien som sociologisk genstandsfelt \u2013 og<\/li>\n<li>kollektive og individuelle identiteter.<\/li>\n<\/ul>\n<p>Bogens allersidste afsnit samler tr\u00e5dene. De handler om, hvordan det er muligt at l\u00e6re at skrive historiefort\u00e6llinger p\u00e5 baggrund af kritisk research og kildeanalyser.<\/p>\n<p>Herfra, hvor du nu er landet, kan komme videre til en <a href=\"http:\/\/familiebilleder.samfundslitteratur.dk\/?page_id=53\">udvidet version af bogens indholdsfortegnelse<\/a> og en <a href=\"http:\/\/familiebilleder.samfundslitteratur.dk\/?page_id=56\">kort pr\u00e6sentation af forfatteren<\/a>.<\/p>\n<p>Hvis du vil se n\u00e6rmere p\u00e5 opgaver til historieundervisningens nye skriftlige dimension, er <a href=\"http:\/\/familiebilleder.samfundslitteratur.dk\/?page_id=15\">linket her!<\/a><\/p>\n<p><img data-recalc-dims=\"1\" loading=\"lazy\" decoding=\"async\" data-attachment-id=\"124\" data-permalink=\"https:\/\/familiebilleder.samfundslitteratur.dk\/?attachment_id=124\" data-orig-file=\"https:\/\/i0.wp.com\/familiebilleder.samfundslitteratur.dk\/wp-content\/uploads\/2017\/06\/408B-ANGELICO_Fra_Annunciation_1437-46_2236990916WikiCommons.jpg?fit=1008%2C700&amp;ssl=1\" data-orig-size=\"1008,700\" data-comments-opened=\"1\" data-image-meta=\"{&quot;aperture&quot;:&quot;0&quot;,&quot;credit&quot;:&quot;&quot;,&quot;camera&quot;:&quot;&quot;,&quot;caption&quot;:&quot;&quot;,&quot;created_timestamp&quot;:&quot;0&quot;,&quot;copyright&quot;:&quot;&quot;,&quot;focal_length&quot;:&quot;0&quot;,&quot;iso&quot;:&quot;0&quot;,&quot;shutter_speed&quot;:&quot;0&quot;,&quot;title&quot;:&quot;&quot;,&quot;orientation&quot;:&quot;0&quot;}\" data-image-title=\"408B ANGELICO,_Fra_Annunciation,_1437-46_(2236990916)WikiCommons\" data-image-description=\"\" data-image-caption=\"\" data-large-file=\"https:\/\/i0.wp.com\/familiebilleder.samfundslitteratur.dk\/wp-content\/uploads\/2017\/06\/408B-ANGELICO_Fra_Annunciation_1437-46_2236990916WikiCommons.jpg?fit=712%2C494&amp;ssl=1\" class=\"alignnone size-full wp-image-124\" src=\"https:\/\/i0.wp.com\/familiebilleder.samfundslitteratur.dk\/wp-content\/uploads\/2017\/06\/408B-ANGELICO_Fra_Annunciation_1437-46_2236990916WikiCommons.jpg?resize=712%2C494\" alt=\"\" width=\"712\" height=\"494\" srcset=\"https:\/\/i0.wp.com\/familiebilleder.samfundslitteratur.dk\/wp-content\/uploads\/2017\/06\/408B-ANGELICO_Fra_Annunciation_1437-46_2236990916WikiCommons.jpg?w=1008&amp;ssl=1 1008w, https:\/\/i0.wp.com\/familiebilleder.samfundslitteratur.dk\/wp-content\/uploads\/2017\/06\/408B-ANGELICO_Fra_Annunciation_1437-46_2236990916WikiCommons.jpg?resize=300%2C208&amp;ssl=1 300w, https:\/\/i0.wp.com\/familiebilleder.samfundslitteratur.dk\/wp-content\/uploads\/2017\/06\/408B-ANGELICO_Fra_Annunciation_1437-46_2236990916WikiCommons.jpg?resize=768%2C533&amp;ssl=1 768w, https:\/\/i0.wp.com\/familiebilleder.samfundslitteratur.dk\/wp-content\/uploads\/2017\/06\/408B-ANGELICO_Fra_Annunciation_1437-46_2236990916WikiCommons.jpg?resize=624%2C433&amp;ssl=1 624w\" sizes=\"auto, (max-width: 712px) 100vw, 712px\" \/><\/p>\n","protected":false},"excerpt":{"rendered":"<p>&nbsp; Du befinder dig nu p\u00e5 det omr\u00e5de af hjemmesiden, hvor der er n\u00e6rmere informationer om bog, forfatter og om de overvejelser, der ligger bag hele projektet FAMILIEBILLEDER \u2013 FORT\u00c6LLINGER OG ANDRE TILGANGE, bog, blog og hjemmeside: I bogens f\u00f8rste del f\u00e5r du udover familiens og de n\u00e6re relationers historie fra urtid til nutid ogs\u00e5 &hellip; <a href=\"https:\/\/familiebilleder.samfundslitteratur.dk\/?page_id=17\" class=\"more-link\">Continue reading <span class=\"screen-reader-text\">BOG&#038;BLANDET<\/span><\/a><\/p>\n","protected":false},"author":1,"featured_media":0,"parent":0,"menu_order":0,"comment_status":"closed","ping_status":"closed","template":"page-templates\/full-width.php","meta":{"jetpack_post_was_ever_published":false,"footnotes":""},"tags":[],"class_list":["post-17","page","type-page","status-publish","hentry","no-featured-image"],"jetpack_sharing_enabled":true,"jetpack_shortlink":"https:\/\/wp.me\/P91OzV-h","jetpack-related-posts":[],"_links":{"self":[{"href":"https:\/\/familiebilleder.samfundslitteratur.dk\/index.php?rest_route=\/wp\/v2\/pages\/17","targetHints":{"allow":["GET"]}}],"collection":[{"href":"https:\/\/familiebilleder.samfundslitteratur.dk\/index.php?rest_route=\/wp\/v2\/pages"}],"about":[{"href":"https:\/\/familiebilleder.samfundslitteratur.dk\/index.php?rest_route=\/wp\/v2\/types\/page"}],"author":[{"embeddable":true,"href":"https:\/\/familiebilleder.samfundslitteratur.dk\/index.php?rest_route=\/wp\/v2\/users\/1"}],"replies":[{"embeddable":true,"href":"https:\/\/familiebilleder.samfundslitteratur.dk\/index.php?rest_route=%2Fwp%2Fv2%2Fcomments&post=17"}],"version-history":[{"count":5,"href":"https:\/\/familiebilleder.samfundslitteratur.dk\/index.php?rest_route=\/wp\/v2\/pages\/17\/revisions"}],"predecessor-version":[{"id":164,"href":"https:\/\/familiebilleder.samfundslitteratur.dk\/index.php?rest_route=\/wp\/v2\/pages\/17\/revisions\/164"}],"wp:attachment":[{"href":"https:\/\/familiebilleder.samfundslitteratur.dk\/index.php?rest_route=%2Fwp%2Fv2%2Fmedia&parent=17"}],"wp:term":[{"taxonomy":"post_tag","embeddable":true,"href":"https:\/\/familiebilleder.samfundslitteratur.dk\/index.php?rest_route=%2Fwp%2Fv2%2Ftags&post=17"}],"curies":[{"name":"wp","href":"https:\/\/api.w.org\/{rel}","templated":true}]}}