{"id":15,"date":"2017-06-20T12:49:02","date_gmt":"2017-06-20T12:49:02","guid":{"rendered":"http:\/\/familiebilleder.samfundslitteratur.dk\/?page_id=15"},"modified":"2017-08-01T08:49:36","modified_gmt":"2017-08-01T08:49:36","slug":"skriveopgaver","status":"publish","type":"page","link":"https:\/\/familiebilleder.samfundslitteratur.dk\/?page_id=15","title":{"rendered":"SKRIVEOPGAVER"},"content":{"rendered":"<h1><strong>Inspiration \u2013 og invitation til skriftligt arbejde i historie\u00a0<\/strong><\/h1>\n<p><img data-recalc-dims=\"1\" loading=\"lazy\" decoding=\"async\" data-attachment-id=\"119\" data-permalink=\"https:\/\/familiebilleder.samfundslitteratur.dk\/?attachment_id=119\" data-orig-file=\"https:\/\/i0.wp.com\/familiebilleder.samfundslitteratur.dk\/wp-content\/uploads\/2017\/06\/901-KMS6251JuelRybergSMK.jpg?fit=4782%2C3598&amp;ssl=1\" data-orig-size=\"4782,3598\" data-comments-opened=\"1\" data-image-meta=\"{&quot;aperture&quot;:&quot;13&quot;,&quot;credit&quot;:&quot;&quot;,&quot;camera&quot;:&quot;Canon EOS-1Ds Mark III&quot;,&quot;caption&quot;:&quot;&quot;,&quot;created_timestamp&quot;:&quot;1206969097&quot;,&quot;copyright&quot;:&quot;PublicDomain http:\/\/creativecommons.org\/publicdomain\/zero\/1.0\/&quot;,&quot;focal_length&quot;:&quot;50&quot;,&quot;iso&quot;:&quot;100&quot;,&quot;shutter_speed&quot;:&quot;1.3&quot;,&quot;title&quot;:&quot;KMS6251&quot;,&quot;orientation&quot;:&quot;1&quot;}\" data-image-title=\"KMS6251\" data-image-description=\"\" data-image-caption=\"\" data-large-file=\"https:\/\/i0.wp.com\/familiebilleder.samfundslitteratur.dk\/wp-content\/uploads\/2017\/06\/901-KMS6251JuelRybergSMK.jpg?fit=712%2C535&amp;ssl=1\" class=\"aligncenter wp-image-119 size-full\" src=\"https:\/\/i0.wp.com\/familiebilleder.samfundslitteratur.dk\/wp-content\/uploads\/2017\/06\/901-KMS6251JuelRybergSMK.jpg?resize=712%2C536\" alt=\"\" width=\"712\" height=\"536\" srcset=\"https:\/\/i0.wp.com\/familiebilleder.samfundslitteratur.dk\/wp-content\/uploads\/2017\/06\/901-KMS6251JuelRybergSMK.jpg?w=4782&amp;ssl=1 4782w, https:\/\/i0.wp.com\/familiebilleder.samfundslitteratur.dk\/wp-content\/uploads\/2017\/06\/901-KMS6251JuelRybergSMK.jpg?resize=300%2C226&amp;ssl=1 300w, https:\/\/i0.wp.com\/familiebilleder.samfundslitteratur.dk\/wp-content\/uploads\/2017\/06\/901-KMS6251JuelRybergSMK.jpg?resize=768%2C578&amp;ssl=1 768w, https:\/\/i0.wp.com\/familiebilleder.samfundslitteratur.dk\/wp-content\/uploads\/2017\/06\/901-KMS6251JuelRybergSMK.jpg?resize=1024%2C770&amp;ssl=1 1024w, https:\/\/i0.wp.com\/familiebilleder.samfundslitteratur.dk\/wp-content\/uploads\/2017\/06\/901-KMS6251JuelRybergSMK.jpg?resize=624%2C470&amp;ssl=1 624w, https:\/\/i0.wp.com\/familiebilleder.samfundslitteratur.dk\/wp-content\/uploads\/2017\/06\/901-KMS6251JuelRybergSMK.jpg?w=1424&amp;ssl=1 1424w, https:\/\/i0.wp.com\/familiebilleder.samfundslitteratur.dk\/wp-content\/uploads\/2017\/06\/901-KMS6251JuelRybergSMK.jpg?w=2136&amp;ssl=1 2136w\" sizes=\"auto, (max-width: 712px) 100vw, 712px\" \/><\/p>\n<p>De f\u00f8lgende ideer, skitser og f\u00e6rdige forslag til skriftlige opgaver er beregnet til at blive anvendt i samspil med bogen <strong>FAMILIEBILLEDER <\/strong>\u2013 FORT\u00c6LLINGER OG ANDRE TILGANGE.<\/p>\n<p>Tidligere har skriftligt arbejde ikke fyldt s\u00e6rlig meget i historieundervisningen. Og det er egentlig overraskende, n\u00e5r man t\u00e6nker p\u00e5, at historieskrivning og historiefort\u00e6lling udg\u00f8r rygraden i den faglige formidling, i l\u00e6sestoffet og egentlig ogs\u00e5 i meget af kildematerialet.<\/p>\n<p>Men nu st\u00e5r vi med udfordringen: Den skriftlige dimension skal, siger de nye l\u00e6replaner, integreres i den l\u00f8bende undervisning. Og p\u00e5 det omr\u00e5de er <strong>FAMILIEBILLEDER <\/strong>g\u00e5et i forvejen og er derfor fuldt parat til at l\u00f8fte opgaven.<\/p>\n<h2><\/h2>\n<h2><strong>Her finder du skriveopgaverne<\/strong><\/h2>\n<p><a href=\"http:\/\/familiebilleder.samfundslitteratur.dk\/?page_id=46\">Opgaverne \u2013 systematisk ordnet efter typer<\/a><\/p>\n<p>&nbsp;<\/p>\n","protected":false},"excerpt":{"rendered":"<p>Inspiration \u2013 og invitation til skriftligt arbejde i historie\u00a0 De f\u00f8lgende ideer, skitser og f\u00e6rdige forslag til skriftlige opgaver er beregnet til at blive anvendt i samspil med bogen FAMILIEBILLEDER \u2013 FORT\u00c6LLINGER OG ANDRE TILGANGE. Tidligere har skriftligt arbejde ikke fyldt s\u00e6rlig meget i historieundervisningen. Og det er egentlig overraskende, n\u00e5r man t\u00e6nker p\u00e5, at &hellip; <a href=\"https:\/\/familiebilleder.samfundslitteratur.dk\/?page_id=15\" class=\"more-link\">Continue reading <span class=\"screen-reader-text\">SKRIVEOPGAVER<\/span><\/a><\/p>\n","protected":false},"author":1,"featured_media":0,"parent":0,"menu_order":0,"comment_status":"closed","ping_status":"closed","template":"","meta":{"jetpack_post_was_ever_published":false,"footnotes":""},"tags":[],"class_list":["post-15","page","type-page","status-publish","hentry","no-featured-image"],"jetpack_sharing_enabled":true,"jetpack_shortlink":"https:\/\/wp.me\/P91OzV-f","jetpack-related-posts":[],"_links":{"self":[{"href":"https:\/\/familiebilleder.samfundslitteratur.dk\/index.php?rest_route=\/wp\/v2\/pages\/15","targetHints":{"allow":["GET"]}}],"collection":[{"href":"https:\/\/familiebilleder.samfundslitteratur.dk\/index.php?rest_route=\/wp\/v2\/pages"}],"about":[{"href":"https:\/\/familiebilleder.samfundslitteratur.dk\/index.php?rest_route=\/wp\/v2\/types\/page"}],"author":[{"embeddable":true,"href":"https:\/\/familiebilleder.samfundslitteratur.dk\/index.php?rest_route=\/wp\/v2\/users\/1"}],"replies":[{"embeddable":true,"href":"https:\/\/familiebilleder.samfundslitteratur.dk\/index.php?rest_route=%2Fwp%2Fv2%2Fcomments&post=15"}],"version-history":[{"count":5,"href":"https:\/\/familiebilleder.samfundslitteratur.dk\/index.php?rest_route=\/wp\/v2\/pages\/15\/revisions"}],"predecessor-version":[{"id":310,"href":"https:\/\/familiebilleder.samfundslitteratur.dk\/index.php?rest_route=\/wp\/v2\/pages\/15\/revisions\/310"}],"wp:attachment":[{"href":"https:\/\/familiebilleder.samfundslitteratur.dk\/index.php?rest_route=%2Fwp%2Fv2%2Fmedia&parent=15"}],"wp:term":[{"taxonomy":"post_tag","embeddable":true,"href":"https:\/\/familiebilleder.samfundslitteratur.dk\/index.php?rest_route=%2Fwp%2Fv2%2Ftags&post=15"}],"curies":[{"name":"wp","href":"https:\/\/api.w.org\/{rel}","templated":true}]}}