{"id":13,"date":"2017-06-20T12:48:51","date_gmt":"2017-06-20T12:48:51","guid":{"rendered":"http:\/\/familiebilleder.samfundslitteratur.dk\/?page_id=13"},"modified":"2017-08-01T08:47:57","modified_gmt":"2017-08-01T08:47:57","slug":"kilder","status":"publish","type":"page","link":"https:\/\/familiebilleder.samfundslitteratur.dk\/?page_id=13","title":{"rendered":"KILDER"},"content":{"rendered":"<h1><strong>Historiske kilder med videre<img data-recalc-dims=\"1\" loading=\"lazy\" decoding=\"async\" data-attachment-id=\"121\" data-permalink=\"https:\/\/familiebilleder.samfundslitteratur.dk\/?attachment_id=121\" data-orig-file=\"https:\/\/i0.wp.com\/familiebilleder.samfundslitteratur.dk\/wp-content\/uploads\/2017\/06\/1302-Moderstankar_Karin_med_Brita_vid_br%C3%B6stet1893WikiCommons.jpg?fit=1079%2C832&amp;ssl=1\" data-orig-size=\"1079,832\" data-comments-opened=\"1\" data-image-meta=\"{&quot;aperture&quot;:&quot;0&quot;,&quot;credit&quot;:&quot;&quot;,&quot;camera&quot;:&quot;&quot;,&quot;caption&quot;:&quot;&quot;,&quot;created_timestamp&quot;:&quot;0&quot;,&quot;copyright&quot;:&quot;&quot;,&quot;focal_length&quot;:&quot;0&quot;,&quot;iso&quot;:&quot;0&quot;,&quot;shutter_speed&quot;:&quot;0&quot;,&quot;title&quot;:&quot;&quot;,&quot;orientation&quot;:&quot;0&quot;}\" data-image-title=\"1302 Moderstankar_(Karin_med_Brita_vid_br\u00f6stet)1893WikiCommons\" data-image-description=\"\" data-image-caption=\"\" data-large-file=\"https:\/\/i0.wp.com\/familiebilleder.samfundslitteratur.dk\/wp-content\/uploads\/2017\/06\/1302-Moderstankar_Karin_med_Brita_vid_br%C3%B6stet1893WikiCommons.jpg?fit=712%2C549&amp;ssl=1\" class=\"aligncenter wp-image-121 size-full\" src=\"https:\/\/i0.wp.com\/familiebilleder.samfundslitteratur.dk\/wp-content\/uploads\/2017\/06\/1302-Moderstankar_Karin_med_Brita_vid_br%C3%B6stet1893WikiCommons.jpg?resize=712%2C549\" alt=\"\" width=\"712\" height=\"549\" srcset=\"https:\/\/i0.wp.com\/familiebilleder.samfundslitteratur.dk\/wp-content\/uploads\/2017\/06\/1302-Moderstankar_Karin_med_Brita_vid_br%C3%B6stet1893WikiCommons.jpg?w=1079&amp;ssl=1 1079w, https:\/\/i0.wp.com\/familiebilleder.samfundslitteratur.dk\/wp-content\/uploads\/2017\/06\/1302-Moderstankar_Karin_med_Brita_vid_br%C3%B6stet1893WikiCommons.jpg?resize=300%2C231&amp;ssl=1 300w, https:\/\/i0.wp.com\/familiebilleder.samfundslitteratur.dk\/wp-content\/uploads\/2017\/06\/1302-Moderstankar_Karin_med_Brita_vid_br%C3%B6stet1893WikiCommons.jpg?resize=768%2C592&amp;ssl=1 768w, https:\/\/i0.wp.com\/familiebilleder.samfundslitteratur.dk\/wp-content\/uploads\/2017\/06\/1302-Moderstankar_Karin_med_Brita_vid_br%C3%B6stet1893WikiCommons.jpg?resize=1024%2C790&amp;ssl=1 1024w, https:\/\/i0.wp.com\/familiebilleder.samfundslitteratur.dk\/wp-content\/uploads\/2017\/06\/1302-Moderstankar_Karin_med_Brita_vid_br%C3%B6stet1893WikiCommons.jpg?resize=624%2C481&amp;ssl=1 624w\" sizes=\"auto, (max-width: 712px) 100vw, 712px\" \/><\/strong><\/h1>\n<p>Materialet er \u2013 for at lette b\u00e5de anvendelse og overblik \u2013 grupperet s\u00e5dan:<\/p>\n<ul>\n<li><a href=\"http:\/\/familiebilleder.samfundslitteratur.dk\/?page_id=78\"><strong>Kilder til tiden f\u00f8r ca. \u00e5r 500<\/strong> \u2013 <strong>FAMILIEBILLEDER<\/strong><\/a>, fort\u00e6lling 2-3<\/li>\n<li><a href=\"http:\/\/familiebilleder.samfundslitteratur.dk\/?page_id=81\"><strong>Kilder til tiden ca. 500-1500<\/strong> \u2013 <strong>FAMILIEBILLEDER<\/strong><\/a>, fort\u00e6lling 4<\/li>\n<li><a href=\"http:\/\/familiebilleder.samfundslitteratur.dk\/?page_id=84\"><strong>Kilder til tiden ca. 1500-1900<\/strong> \u2013 <strong>FAMILIEBILLEDER<\/strong><\/a>, fort\u00e6lling 5-12<\/li>\n<li><a href=\"http:\/\/familiebilleder.samfundslitteratur.dk\/?page_id=87\"><strong>Kilder til tiden ca. 1900 til nu &#8211; FAMILIEBILLEDER<\/strong><\/a>, fort\u00e6lling 13-19<\/li>\n<li><a href=\"http:\/\/familiebilleder.samfundslitteratur.dk\/?page_id=91\"><strong>Ramme- og perspektivs\u00e6ttere<\/strong> \u2013 <strong>FAMILIEBILLEDER<\/strong><\/a>, fort\u00e6lling 1 og 20<\/li>\n<\/ul>\n<p>Her lidt mere om, hvad du kan vente at finde:<strong>\u00a0<\/strong><\/p>\n<h2><strong>Intro\u00a0<\/strong><\/h2>\n<p>Denne kildesamling er redigeret og placeret her som et digitalt supplement til <strong>FAMILIEBILLEDER <\/strong>\u2013 FORT\u00c6LLINGER OG ANDRE TILGANGE.<\/p>\n<p>Materialet er udvalgt, s\u00e5 det fra forskellige positioner kan belyse sammenh\u00e6ngen og sp\u00e6ndingsfeltet mellem makrohistoriens centrale genstandsfelter \u2013 samfundsm\u00e6ssige grundvilk\u00e5r og store forandringer \u2013 og de n\u00e6re relationers mange betydningsb\u00e6rende mikrohistorier.<\/p>\n<h2><strong>Ord med p\u00e5 vejen\u00a0<\/strong><\/h2>\n<p>Kildebegrebet bliver i det f\u00f8lgende helt bevidst opfattet bredt. S\u00e5 bredt, at \u201cmed videre\u201d i overskriften i praksis betyder blandet stof: Udvalget best\u00e5r s\u00e5ledes af tekst-, film- og lydklip af vidt forskellig genre og karakter.<\/p>\n<p>Meningen er, at de forskellige slags input \u2013 afh\u00e6ngig af konteksten \u2013 b\u00e5de kan f\u00e5 funktion som kilder og anvendes som uddybende og ogs\u00e5 sk\u00e6ve fremstillinger. De kan s\u00e5ledes fungere som supplement og som kommentarer til historiefort\u00e6llingerne i <strong>FAMILIEBILLEDER<\/strong>.<\/p>\n<p>Hovedparten af materialet er dansksproget, men kildesamlingen indeholder ogs\u00e5 en r\u00e6kke korte tekstuddrag p\u00e5 engelsk og tysk.<\/p>\n<p>Herudover m\u00f8der brugerne links og korte vejledninger til videre selvst\u00e6ndig s\u00f8gning. Og det er vigtigt at huske, at de kortfattede pr\u00e6sentationer til materialet netop er s\u00e5 forskelligartede og kortfattede, at der i rigtig mange tilf\u00e6lde vil v\u00e6re enkle og oplagte s\u00f8geopgaver at kaste sig over i arbejdet med at f\u00e5 fuldt styr p\u00e5 og overblik over stoffet.<\/p>\n<h2><strong>Bogen som l\u00e6remiddel\u00a0<\/strong><\/h2>\n<p>I en undervisningsm\u00e6ssig sammenh\u00e6ng \u00e5bner bogen og denne hjemmeside vide muligheder for aktiviteter, hvor eleverne b\u00e5de kan relatere til erfaringer fra deres eget liv, stille sp\u00f8rgsm\u00e5l til fortiden og bev\u00e6ge sig videre. De f\u00e5r i den forbindelse rig lejlighed til at fordybe sig, blive fagligt udfordret og m\u00e5ske ogs\u00e5 personligt stimuleret til at videreudvikle deres historiske viden.<\/p>\n<p>Ambitionen er s\u00e5, at eleverne i de processer kan opn\u00e5 en st\u00f8rre og mere reflekteret indsigt i deres egen og andre menneskers historicitet. Her ligger selve n\u00f8glen til h\u00f8jt fagligt udbytte og til at opn\u00e5 \u00f8get forst\u00e5else af den komplekse verden, vi alle sammen lever i.<\/p>\n","protected":false},"excerpt":{"rendered":"<p>Historiske kilder med videre Materialet er \u2013 for at lette b\u00e5de anvendelse og overblik \u2013 grupperet s\u00e5dan: Kilder til tiden f\u00f8r ca. \u00e5r 500 \u2013 FAMILIEBILLEDER, fort\u00e6lling 2-3 Kilder til tiden ca. 500-1500 \u2013 FAMILIEBILLEDER, fort\u00e6lling 4 Kilder til tiden ca. 1500-1900 \u2013 FAMILIEBILLEDER, fort\u00e6lling 5-12 Kilder til tiden ca. 1900 til nu &#8211; FAMILIEBILLEDER, &hellip; <a href=\"https:\/\/familiebilleder.samfundslitteratur.dk\/?page_id=13\" class=\"more-link\">Continue reading <span class=\"screen-reader-text\">KILDER<\/span><\/a><\/p>\n","protected":false},"author":1,"featured_media":0,"parent":0,"menu_order":0,"comment_status":"closed","ping_status":"closed","template":"templates\/full-width-page.php","meta":{"jetpack_post_was_ever_published":false,"footnotes":""},"tags":[],"class_list":["post-13","page","type-page","status-publish","hentry","no-featured-image"],"jetpack_sharing_enabled":true,"jetpack_shortlink":"https:\/\/wp.me\/P91OzV-d","jetpack-related-posts":[],"_links":{"self":[{"href":"https:\/\/familiebilleder.samfundslitteratur.dk\/index.php?rest_route=\/wp\/v2\/pages\/13","targetHints":{"allow":["GET"]}}],"collection":[{"href":"https:\/\/familiebilleder.samfundslitteratur.dk\/index.php?rest_route=\/wp\/v2\/pages"}],"about":[{"href":"https:\/\/familiebilleder.samfundslitteratur.dk\/index.php?rest_route=\/wp\/v2\/types\/page"}],"author":[{"embeddable":true,"href":"https:\/\/familiebilleder.samfundslitteratur.dk\/index.php?rest_route=\/wp\/v2\/users\/1"}],"replies":[{"embeddable":true,"href":"https:\/\/familiebilleder.samfundslitteratur.dk\/index.php?rest_route=%2Fwp%2Fv2%2Fcomments&post=13"}],"version-history":[{"count":5,"href":"https:\/\/familiebilleder.samfundslitteratur.dk\/index.php?rest_route=\/wp\/v2\/pages\/13\/revisions"}],"predecessor-version":[{"id":309,"href":"https:\/\/familiebilleder.samfundslitteratur.dk\/index.php?rest_route=\/wp\/v2\/pages\/13\/revisions\/309"}],"wp:attachment":[{"href":"https:\/\/familiebilleder.samfundslitteratur.dk\/index.php?rest_route=%2Fwp%2Fv2%2Fmedia&parent=13"}],"wp:term":[{"taxonomy":"post_tag","embeddable":true,"href":"https:\/\/familiebilleder.samfundslitteratur.dk\/index.php?rest_route=%2Fwp%2Fv2%2Ftags&post=13"}],"curies":[{"name":"wp","href":"https:\/\/api.w.org\/{rel}","templated":true}]}}